{"id":11287,"date":"2026-03-24T10:16:31","date_gmt":"2026-03-24T10:16:31","guid":{"rendered":"https:\/\/crivit-bikes.com\/?page_id=11287"},"modified":"2026-03-31T06:38:59","modified_gmt":"2026-03-31T06:38:59","slug":"gwarancja-x-3-y-3","status":"publish","type":"page","link":"https:\/\/crivit-bikes.com\/pl\/gwarancja-x-3-y-3\/","title":{"rendered":"Warunki gwarancji handlowa na rowery elektryczne Crivit Urban X.3 i Y.3"},"content":{"rendered":"<section  class='av_textblock_section av-fj8uf-4a229fa215147e4229a42202b2aa04ef '   itemscope=\"itemscope\" itemtype=\"https:\/\/schema.org\/CreativeWork\" ><div class='avia_textblock'  itemprop=\"text\" ><h2>Warunki gwarancji handlowa na rowery elektryczne Crivit Urban X.3 i Y.3<\/h2>\n<\/div><\/section>\n\n<style type=\"text\/css\" data-created_by=\"avia_inline_auto\" id=\"style-css-av-anusv-46b335bc2dba951d86136cb0c40608fd\">\n#top .hr.av-anusv-46b335bc2dba951d86136cb0c40608fd{\nmargin-top:00px;\nmargin-bottom:30px;\n}\n.hr.av-anusv-46b335bc2dba951d86136cb0c40608fd .hr-inner{\nwidth:50px;\nborder-color:#ff770f;\n}\n<\/style>\n<div  class='hr av-anusv-46b335bc2dba951d86136cb0c40608fd hr-custom  avia-builder-el-1  el_after_av_textblock  el_before_av_textblock  hr-left hr-icon-no'><span class='hr-inner inner-border-av-border-fat'><span class=\"hr-inner-style\"><\/span><\/span><\/div>\n<section  class='av_textblock_section av-jhkgb5zw-7eca7095ffbcf3150d11ab200046181a '   itemscope=\"itemscope\" itemtype=\"https:\/\/schema.org\/CreativeWork\" ><div class='avia_textblock'  itemprop=\"text\" ><p><strong>1. Gwarant<\/strong><\/p>\n<p>Gwarancja handlowa (zwana dalej \u201egwarancj\u0105\u201d) jest udzielana przez producenta przedmiotowych produkt\u00f3w, firm\u0119 Delta-Sport Handelskontor GmbH, Wragekamp 6, 22397 Hamburg, Niemcy (zwan\u0105 dalej \u201eProducentem\u201d).<\/p>\n<p><strong>Kontakt w sprawach gwarancyjnych:<\/strong><\/p>\n<p>Obs\u0142uga klienta: tel. 0800 5435 111, e-mail: deltasport@lidl.de<\/p>\n<p><strong>2. Produkty obj\u0119te gwarancj\u0105<\/strong><\/p>\n<p>Niniejsze warunki gwarancji maj\u0105 zastosowanie do modeli <span class=\"--l --r hover:bg-blue-100 hover:dark:bg-blue-600\">CRIVIT<\/span> <span class=\"--l --r hover:bg-blue-100 hover:dark:bg-blue-600\">Urban<\/span> <span class=\"--l --r hover:bg-blue-100 hover:dark:bg-blue-600\">E<\/span>&#8211;<span class=\"--l --r hover:bg-blue-100 hover:dark:bg-blue-600\">Bike<\/span> <span class=\"--l --r hover:bg-blue-100 hover:dark:bg-blue-600\">X<\/span>.<span class=\"--l --r hover:bg-blue-100 hover:dark:bg-blue-600\">3<\/span> <span class=\"--l --r hover:bg-blue-100 hover:dark:bg-blue-600\">i<\/span> <span class=\"--l --r hover:bg-blue-100 hover:dark:bg-blue-600\">CRIVIT<\/span> <span class=\"--l --r hover:bg-blue-100 hover:dark:bg-blue-600\">Urban<\/span> <span class=\"--l --r hover:bg-blue-100 hover:dark:bg-blue-600\">E<\/span>&#8211;<span class=\"--l --r hover:bg-blue-100 hover:dark:bg-blue-600\">Bike<\/span> <span class=\"--l --r hover:bg-blue-100 hover:dark:bg-blue-600\">Y<\/span>.<span class=\"--l --r hover:bg-blue-100 hover:dark:bg-blue-600\">3<\/span>. Gwarancja obowi\u0105zuje r\u00f3wnie\u017c z moc\u0105 wsteczn\u0105 w odniesieniu do ju\u017c zakupionych modeli <span class=\"--l --r hover:bg-blue-100 hover:dark:bg-blue-600\">CRIVIT<\/span> <span class=\"--l --r hover:bg-blue-100 hover:dark:bg-blue-600\">Urban<\/span> <span class=\"--l --r hover:bg-blue-100 hover:dark:bg-blue-600\">E<\/span>&#8211;<span class=\"--l --r hover:bg-blue-100 hover:dark:bg-blue-600\">Bike<\/span> <span class=\"--l --r hover:bg-blue-100 hover:dark:bg-blue-600\">X<\/span>.<span class=\"--l --r hover:bg-blue-100 hover:dark:bg-blue-600\">3<\/span> <span class=\"--l --r hover:bg-blue-100 hover:dark:bg-blue-600\">i<\/span> <span class=\"--l --r hover:bg-blue-100 hover:dark:bg-blue-600\">CRIVIT<\/span> <span class=\"--l --r hover:bg-blue-100 hover:dark:bg-blue-600\">Urban<\/span> <span class=\"--l --r hover:bg-blue-100 hover:dark:bg-blue-600\">E<\/span>&#8211;<span class=\"--l --r hover:bg-blue-100 hover:dark:bg-blue-600\">Bike<\/span> <span class=\"--l --r hover:bg-blue-100 hover:dark:bg-blue-600\">Y<\/span>.<span class=\"--l --r hover:bg-blue-100 hover:dark:bg-blue-600\">3<\/span>. Decyduj\u0105ca jest data zakupu.<\/p>\n<p><strong>3. Cz\u0119\u015bci obj\u0119te gwarancj\u0105<\/strong><\/p>\n<p>Gwarancja dotyczy wy\u0142\u0105cznie okre\u015blonych cz\u0119\u015bci modeli wymienionych powy\u017cej w punkcie 2. Gwarancja nie obejmuje ca\u0142ego roweru. Gwarancja obejmuje wy\u0142\u0105cznie wady materia\u0142owe i wykonawcze nast\u0119puj\u0105cych element\u00f3w sztywnych: rama, sztywny widelec, kierownica, mostek i korba.<\/p>\n<p><strong>4. Okres gwarancji<\/strong><\/p>\n<p>Producent udziela na elementy wymienione powy\u017cej w punkcie 3 gwarancji na 10 lat od daty pierwszego zakupu.<\/p>\n<p><strong>5. Zakres terytorialny<\/strong><\/p>\n<p><span class=\"--l --r hover:bg-blue-100 hover:dark:bg-blue-600\">Gwarancja<\/span> <span class=\"--l --r hover:bg-blue-100 hover:dark:bg-blue-600\">obejmuje<\/span> <span class=\"--l --r hover:bg-blue-100 hover:dark:bg-blue-600\">wszystkie<\/span> <span class=\"--l --r hover:bg-blue-100 hover:dark:bg-blue-600\">modele<\/span> <span class=\"--l --r hover:bg-blue-100 hover:dark:bg-blue-600\">CRIVIT<\/span> <span class=\"--l --r hover:bg-blue-100 hover:dark:bg-blue-600\">Urban<\/span> <span class=\"--l --r hover:bg-blue-100 hover:dark:bg-blue-600\">E<\/span>&#8211;<span class=\"--l --r hover:bg-blue-100 hover:dark:bg-blue-600\">Bike<\/span> <span class=\"--l --r hover:bg-blue-100 hover:dark:bg-blue-600\">X<\/span>.<span class=\"--l --r hover:bg-blue-100 hover:dark:bg-blue-600\">3<\/span> <span class=\"--l --r hover:bg-blue-100 hover:dark:bg-blue-600\">i<\/span> <span class=\"--l --r hover:bg-blue-100 hover:dark:bg-blue-600\">CRIVIT<\/span> <span class=\"--l --r hover:bg-blue-100 hover:dark:bg-blue-600\">Urban<\/span> <span class=\"--l --r hover:bg-blue-100 hover:dark:bg-blue-600\">E<\/span>&#8211;<span class=\"--l --r hover:bg-blue-100 hover:dark:bg-blue-600\">Bike<\/span> <span class=\"--l --r hover:bg-blue-100 hover:dark:bg-blue-600\">Y<\/span>.<span class=\"--l --r hover:bg-blue-100 hover:dark:bg-blue-600\">3<\/span> <span class=\"--l --r hover:bg-blue-100 hover:dark:bg-blue-600\">zakupione<\/span> <span class=\"--l --r hover:bg-blue-100 hover:dark:bg-blue-600\">na<\/span> <span class=\"--l --r hover:bg-blue-100 hover:dark:bg-blue-600\">terenie<\/span> <span class=\"--l --r hover:bg-blue-100 hover:dark:bg-blue-600\">Unii<\/span> <span class=\"--l --r hover:bg-blue-100 hover:dark:bg-blue-600\">Europejskiej<\/span>, <span class=\"--l --r hover:bg-blue-100 hover:dark:bg-blue-600\">kt\u00f3re<\/span> <span class=\"--l --r hover:bg-blue-100 hover:dark:bg-blue-600\">klient<\/span> <span class=\"--l --r hover:bg-blue-100 hover:dark:bg-blue-600\">naby\u0142<\/span> <span class=\"--l --r hover:bg-blue-100 hover:dark:bg-blue-600\">bezpo\u015brednio<\/span> <span class=\"--l --r hover:bg-blue-100 hover:dark:bg-blue-600\">od<\/span> <span class=\"--l --r hover:bg-blue-100 hover:dark:bg-blue-600\">przedsi\u0119biorstwa<\/span> <span class=\"--l --r hover:bg-blue-100 hover:dark:bg-blue-600\">nale\u017c\u0105cego<\/span> <span class=\"--l --r hover:bg-blue-100 hover:dark:bg-blue-600\">do<\/span> <span class=\"--l --r hover:bg-blue-100 hover:dark:bg-blue-600\">grupy<\/span> <span class=\"--l --r hover:bg-blue-100 hover:dark:bg-blue-600\">Lidl<\/span> (<span class=\"--l --r hover:bg-blue-100 hover:dark:bg-blue-600\">sklep<\/span> <span class=\"--l --r hover:bg-blue-100 hover:dark:bg-blue-600\">stacjonarny<\/span> <span class=\"--l --r hover:bg-blue-100 hover:dark:bg-blue-600\">Lidl<\/span> <span class=\"--l --r hover:bg-blue-100 hover:dark:bg-blue-600\">lub<\/span> <span class=\"--l --r hover:bg-blue-100 hover:dark:bg-blue-600\">sklep<\/span> <span class=\"--l --r hover:bg-blue-100 hover:dark:bg-blue-600\">internetowy<\/span> <span class=\"--l --r hover:bg-blue-100 hover:dark:bg-blue-600\">Lidl<\/span>).<\/p>\n<p><strong>6. \u015awiadczenia gwarancyjne<\/strong><\/p>\n<p><span class=\"--l --r hover:bg-blue-100 hover:dark:bg-blue-600\">W<\/span> <span class=\"--l --r hover:bg-blue-100 hover:dark:bg-blue-600\">przypadku<\/span> <span class=\"--l --r hover:bg-blue-100 hover:dark:bg-blue-600\">wyst\u0105pienia<\/span> <span class=\"--l --r hover:bg-blue-100 hover:dark:bg-blue-600\">zdarzenia<\/span> <span class=\"--l --r hover:bg-blue-100 hover:dark:bg-blue-600\">obj\u0119tego<\/span> <span class=\"--l --r hover:bg-blue-100 hover:dark:bg-blue-600\">gwarancj\u0105<\/span> <span class=\"--l --r hover:bg-blue-100 hover:dark:bg-blue-600\">producent<\/span> <span class=\"--l --r hover:bg-blue-100 hover:dark:bg-blue-600\">naprawi<\/span> <span class=\"--l --r hover:bg-blue-100 hover:dark:bg-blue-600\">lub<\/span> <span class=\"--l --r hover:bg-blue-100 hover:dark:bg-blue-600\">wymieni<\/span> <span class=\"--l --r hover:bg-blue-100 hover:dark:bg-blue-600\">dany<\/span> <span class=\"--l --r hover:bg-blue-100 hover:dark:bg-blue-600\">element<\/span> <span class=\"--l --r hover:bg-blue-100 hover:dark:bg-blue-600\">na<\/span> <span class=\"--l --r hover:bg-blue-100 hover:dark:bg-blue-600\">w\u0142asny<\/span> <span class=\"--l --r hover:bg-blue-100 hover:dark:bg-blue-600\">koszt<\/span>. Je\u017celi element w tym samym wykonaniu, rozmiarze lub kolorze nie jest ju\u017c dost\u0119pny, producent mo\u017ce dostarczy\u0107 r\u00f3wnowa\u017cny element nast\u0119pczy. Nie przys\u0142uguje prawo do oryginalnych cz\u0119\u015bci zamiennych. Je\u017celi naprawa wymaga\u0142aby od producenta nieproporcjonalnego nak\u0142adu pracy lub sta\u0142a si\u0119 niemo\u017cliwa z powodu braku cz\u0119\u015bci zamiennych w magazynie (na przyk\u0142ad z powodu wycofania serii produkt\u00f3w), producent wymieni rower na nowy model o r\u00f3wnowa\u017cnej warto\u015bci lub zwr\u00f3ci klientowi cen\u0119 zakupu odpowiadaj\u0105c\u0105 aktualnej warto\u015bci resztkowej roweru. \u015awiadczenie gwarancyjne ogranicza si\u0119 do opisanej powy\u017cej naprawy, wymiany lub zwrotu koszt\u00f3w. Nie przys\u0142uguj\u0105 \u017cadne dalsze roszczenia z tytu\u0142u niniejszej gwarancji. Nie ma to wp\u0142ywu na roszczenia ustawowe, w szczeg\u00f3lno\u015bci wynikaj\u0105ce z odpowiedzialno\u015bci za produkt.<\/p>\n<p><strong>7. Warunki roszczenia gwarancyjnego<\/strong><\/p>\n<p>Roszczenie gwarancyjne przys\u0142uguje wy\u0142\u0105cznie pod nast\u0119puj\u0105cymi warunkami:<\/p>\n<p>a) Gwarancja dotyczy wy\u0142\u0105cznie pierwszego nabywcy. W przypadku odsprzeda\u017cy roweru roszczenie gwarancyjne wygasa.<\/p>\n<p>b) <span class=\"--l --r hover:bg-blue-100 hover:dark:bg-blue-600\">Kupuj\u0105cy<\/span> <span class=\"--l --r hover:bg-blue-100 hover:dark:bg-blue-600\">musi<\/span> <span class=\"--l --r hover:bg-blue-100 hover:dark:bg-blue-600\">udokumentowa\u0107<\/span> <span class=\"--l --r hover:bg-blue-100 hover:dark:bg-blue-600\">zakup<\/span> <span class=\"--l --r hover:bg-blue-100 hover:dark:bg-blue-600\">odpowiednim<\/span> <span class=\"--l --r hover:bg-blue-100 hover:dark:bg-blue-600\">dowodem<\/span>. [<span class=\"--l --r hover:bg-blue-100 hover:dark:bg-blue-600\">Informacja<\/span>: <span class=\"--l --r hover:bg-blue-100 hover:dark:bg-blue-600\">kupuj\u0105cy<\/span> <span class=\"--l --r hover:bg-blue-100 hover:dark:bg-blue-600\">mo\u017ce<\/span> <span class=\"--l --r hover:bg-blue-100 hover:dark:bg-blue-600\">ewentualnie<\/span> <span class=\"--l --r hover:bg-blue-100 hover:dark:bg-blue-600\">udokumentowa\u0107<\/span> <span class=\"--l --r hover:bg-blue-100 hover:dark:bg-blue-600\">zakup<\/span> <span class=\"--l --r hover:bg-blue-100 hover:dark:bg-blue-600\">potwierdzeniem<\/span> <span class=\"--l --r hover:bg-blue-100 hover:dark:bg-blue-600\">zam\u00f3wienia<\/span> <span class=\"--l --r hover:bg-blue-100 hover:dark:bg-blue-600\">w<\/span> <span class=\"--l --r hover:bg-blue-100 hover:dark:bg-blue-600\">po\u0142\u0105czeniu<\/span> <span class=\"--l --r hover:bg-blue-100 hover:dark:bg-blue-600\">z<\/span> <span class=\"--l --r hover:bg-blue-100 hover:dark:bg-blue-600\">wyci\u0105giem<\/span> <span class=\"--l --r hover:bg-blue-100 hover:dark:bg-blue-600\">z<\/span> <span class=\"--l --r hover:bg-blue-100 hover:dark:bg-blue-600\">konta<\/span>, <span class=\"--l --r hover:bg-blue-100 hover:dark:bg-blue-600\">dlatego<\/span> <span class=\"--l --r hover:bg-blue-100 hover:dark:bg-blue-600\">sztywne<\/span> <span class=\"--l --r hover:bg-blue-100 hover:dark:bg-blue-600\">wykluczenie<\/span> <span class=\"--l --r hover:bg-blue-100 hover:dark:bg-blue-600\">mog\u0142oby<\/span> <span class=\"--l --r hover:bg-blue-100 hover:dark:bg-blue-600\">zosta\u0107<\/span> <span class=\"--l --r hover:bg-blue-100 hover:dark:bg-blue-600\">uznane<\/span> <span class=\"--l --r hover:bg-blue-100 hover:dark:bg-blue-600\">za<\/span> <span class=\"--l --r hover:bg-blue-100 hover:dark:bg-blue-600\">nieuzasadnione<\/span> <span class=\"--l --r hover:bg-blue-100 hover:dark:bg-blue-600\">dyskryminowanie<\/span>.]<\/p>\n<p>c) <span class=\"--l --r hover:bg-blue-100 hover:dark:bg-blue-600\">Rower<\/span> <span class=\"--l --r hover:bg-blue-100 hover:dark:bg-blue-600\">musi<\/span> <span class=\"--l --r hover:bg-blue-100 hover:dark:bg-blue-600\">by\u0107<\/span> <span class=\"--l --r hover:bg-blue-100 hover:dark:bg-blue-600\">poddawany<\/span> <span class=\"--l --r hover:bg-blue-100 hover:dark:bg-blue-600\">przegl\u0105dowi<\/span> <span class=\"--l --r hover:bg-blue-100 hover:dark:bg-blue-600\">serwisowemu<\/span> <span class=\"--l --r hover:bg-blue-100 hover:dark:bg-blue-600\">w<\/span> <span class=\"--l --r hover:bg-blue-100 hover:dark:bg-blue-600\">wykwalifikowanym<\/span> <span class=\"--l --r hover:bg-blue-100 hover:dark:bg-blue-600\">warsztacie<\/span> <span class=\"--l --r hover:bg-blue-100 hover:dark:bg-blue-600\">co<\/span> <span class=\"--l --r hover:bg-blue-100 hover:dark:bg-blue-600\">najmniej<\/span> <span class=\"--l --r hover:bg-blue-100 hover:dark:bg-blue-600\">co<\/span> <span class=\"--l --r hover:bg-blue-100 hover:dark:bg-blue-600\">24<\/span> <span class=\"--l --r hover:bg-blue-100 hover:dark:bg-blue-600\">miesi\u0105ce<\/span> <span class=\"--l --r hover:bg-blue-100 hover:dark:bg-blue-600\">od<\/span> <span class=\"--l --r hover:bg-blue-100 hover:dark:bg-blue-600\">daty<\/span> <span class=\"--l --r hover:bg-blue-100 hover:dark:bg-blue-600\">zakupu<\/span>. Nale\u017cy to udokumentowa\u0107 odpowiednimi dowodami serwisowymi.<\/p>\n<p><strong>8. Wy\u0142\u0105czenia<\/strong><\/p>\n<p>Gwarancja nie obejmuje:<\/p>\n<p>a) Normalnych \u015blad\u00f3w u\u017cytkowania i zu\u017cycia<\/p>\n<p>b) Cz\u0119\u015bci zu\u017cywaj\u0105cych si\u0119, w szczeg\u00f3lno\u015bci \u0142a\u0144cuch\u00f3w, opon, felg, klocki hamulcowe, linki hamulcowe, uchwyty, piasty, zestaw sterowy, suport, diody LED, dynamo, akumulator, reflektor, tylne \u015bwiat\u0142o LED, peda\u0142y<\/p>\n<p>c) uszkodzenia powsta\u0142e w wyniku upadk\u00f3w lub wypadk\u00f3w<\/p>\n<p>d) uszkodzenia spowodowane niew\u0142a\u015bciwym u\u017cytkowaniem, np. podczas jazdy freestyle, wykonywania akrobacji lub innego nadmiernego obci\u0105\u017cenia<\/p>\n<p>e) uszkodzenia wynikaj\u0105ce z braku piel\u0119gnacji lub niewystarczaj\u0105cej konserwacji<\/p>\n<p>f) uszkodzenia powsta\u0142e w wyniku nieprawid\u0142owo przeprowadzonych napraw<\/p>\n<p>g) zmiany w oryginalnej konstrukcji oraz monta\u017c cz\u0119\u015bci, kt\u00f3re nie s\u0105 przeznaczone dla danego modelu<\/p>\n<p>h) rowery, w kt\u00f3rych numer ramy zosta\u0142 zmieniony, usuni\u0119ty lub uniemo\u017cliwiono jego odczytanie<\/p>\n<p>i) uszkodzenia lakieru<\/p>\n<p><strong>9. Sk\u0142adanie roszcze\u0144 gwarancyjnych<\/strong><\/p>\n<p>Aby zg\u0142osi\u0107 roszczenie gwarancyjne, prosimy o kontakt z naszym dzia\u0142em obs\u0142ugi klienta, korzystaj\u0105c z podanych powy\u017cej danych kontaktowych. Prosimy o przygotowanie nast\u0119puj\u0105cych dokument\u00f3w: oryginalnego dowodu zakupu, dokument\u00f3w serwisowych dotycz\u0105cych przeprowadzonych przegl\u0105d\u00f3w oraz zdj\u0119\u0107 lub film\u00f3w, na kt\u00f3rych uszkodzenie jest dobrze widoczne.<\/p>\n<p><strong>10. Brak przed\u0142u\u017cenia okresu gwarancji<\/strong><\/p>\n<p>Skorzystanie z us\u0142ug gwarancyjnych nie powoduje ani przed\u0142u\u017cenia, ani ponownego rozpocz\u0119cia okresu gwarancji.<\/p>\n<p><strong>11. Ustawowe prawa z tytu\u0142u r\u0119kojmi<\/strong><\/p>\n<p>Niniejsza gwarancja stanowi dobrowoln\u0105 us\u0142ug\u0119 producenta. <strong>Niniejsza gwarancja nie ogranicza ani nie narusza ustawowych roszcze\u0144 z tytu\u0142u r\u0119kojmi wobec danego sprzedawcy. Prawa te istniej\u0105 niezale\u017cnie od gwarancji i mog\u0105 by\u0107 dochodzone bezp\u0142atnie.<\/strong><\/p>\n<\/div><\/section>\n","protected":false},"excerpt":{"rendered":"","protected":false},"author":5,"featured_media":0,"parent":0,"menu_order":0,"comment_status":"closed","ping_status":"closed","template":"","meta":{"inline_featured_image":false,"footnotes":""},"class_list":["post-11287","page","type-page","status-publish","hentry"],"yoast_head":"<!-- This site is optimized with the Yoast SEO plugin v27.5 - https:\/\/yoast.com\/product\/yoast-seo-wordpress\/ -->\n<title>Crivit Bikes - Serviceseite - Warunki gwarancji handlowa na rowery elektryczne Crivit Urban X.3 i Y.3<\/title>\n<meta name=\"robots\" content=\"index, follow, max-snippet:-1, max-image-preview:large, max-video-preview:-1\" \/>\n<link rel=\"canonical\" href=\"https:\/\/crivit-bikes.com\/pl\/gwarancja-x-3-y-3\/\" \/>\n<meta property=\"og:locale\" content=\"pl_PL\" \/>\n<meta property=\"og:type\" content=\"article\" \/>\n<meta property=\"og:title\" content=\"Crivit Bikes - Serviceseite - Warunki gwarancji handlowa na rowery elektryczne Crivit Urban X.3 i Y.3\" \/>\n<meta property=\"og:url\" content=\"https:\/\/crivit-bikes.com\/pl\/gwarancja-x-3-y-3\/\" \/>\n<meta property=\"og:site_name\" content=\"Crivit Bikes - Serviceseite\" \/>\n<meta property=\"article:modified_time\" content=\"2026-03-31T06:38:59+00:00\" \/>\n<meta property=\"og:image\" content=\"https:\/\/crivit-bikes.com\/wp-content\/uploads\/413889_EBikeMale_Seitanansicht.jpg\" \/>\n\t<meta property=\"og:image:width\" content=\"1980\" \/>\n\t<meta property=\"og:image:height\" content=\"1271\" \/>\n\t<meta property=\"og:image:type\" content=\"image\/jpeg\" \/>\n<meta name=\"twitter:card\" content=\"summary_large_image\" \/>\n<meta name=\"twitter:label1\" content=\"Szacowany czas czytania\" \/>\n\t<meta name=\"twitter:data1\" content=\"4 minuty\" \/>\n<script type=\"application\/ld+json\" class=\"yoast-schema-graph\">{\"@context\":\"https:\\\/\\\/schema.org\",\"@graph\":[{\"@type\":\"WebPage\",\"@id\":\"https:\\\/\\\/crivit-bikes.com\\\/pl\\\/gwarancja-x-3-y-3\\\/\",\"url\":\"https:\\\/\\\/crivit-bikes.com\\\/pl\\\/gwarancja-x-3-y-3\\\/\",\"name\":\"Crivit Bikes - Serviceseite - Warunki gwarancji handlowa na rowery elektryczne Crivit Urban X.3 i Y.3\",\"isPartOf\":{\"@id\":\"https:\\\/\\\/crivit-bikes.com\\\/#website\"},\"datePublished\":\"2026-03-24T10:16:31+00:00\",\"dateModified\":\"2026-03-31T06:38:59+00:00\",\"breadcrumb\":{\"@id\":\"https:\\\/\\\/crivit-bikes.com\\\/pl\\\/gwarancja-x-3-y-3\\\/#breadcrumb\"},\"inLanguage\":\"pl-PL\",\"potentialAction\":[{\"@type\":\"ReadAction\",\"target\":[\"https:\\\/\\\/crivit-bikes.com\\\/pl\\\/gwarancja-x-3-y-3\\\/\"]}]},{\"@type\":\"BreadcrumbList\",\"@id\":\"https:\\\/\\\/crivit-bikes.com\\\/pl\\\/gwarancja-x-3-y-3\\\/#breadcrumb\",\"itemListElement\":[{\"@type\":\"ListItem\",\"position\":1,\"name\":\"Home\",\"item\":\"https:\\\/\\\/crivit-bikes.com\\\/pl\\\/\"},{\"@type\":\"ListItem\",\"position\":2,\"name\":\"Warunki gwarancji handlowa na rowery elektryczne Crivit Urban X.3 i Y.3\"}]},{\"@type\":\"WebSite\",\"@id\":\"https:\\\/\\\/crivit-bikes.com\\\/#website\",\"url\":\"https:\\\/\\\/crivit-bikes.com\\\/\",\"name\":\"CRIVIT E-Bikes \u2013 Abenteuer auf zwei R\u00e4dern\",\"description\":\"Erlebe grenzenlose Freiheit: Ob Alltag, Einkauf oder Offroad-Tour \u2013 mit hochwertigen Komponenten und zeitlosem Design ziehst du alle Blicke auf dich. Viel Spa\u00df bei deiner ersten Fahrt!\",\"publisher\":{\"@id\":\"https:\\\/\\\/crivit-bikes.com\\\/#organization\"},\"potentialAction\":[{\"@type\":\"SearchAction\",\"target\":{\"@type\":\"EntryPoint\",\"urlTemplate\":\"https:\\\/\\\/crivit-bikes.com\\\/?s={search_term_string}\"},\"query-input\":{\"@type\":\"PropertyValueSpecification\",\"valueRequired\":true,\"valueName\":\"search_term_string\"}}],\"inLanguage\":\"pl-PL\"},{\"@type\":\"Organization\",\"@id\":\"https:\\\/\\\/crivit-bikes.com\\\/#organization\",\"name\":\"CRIVIT E-Bikes \u2013 Abenteuer auf zwei R\u00e4dern\",\"url\":\"https:\\\/\\\/crivit-bikes.com\\\/\",\"logo\":{\"@type\":\"ImageObject\",\"inLanguage\":\"pl-PL\",\"@id\":\"https:\\\/\\\/crivit-bikes.com\\\/#\\\/schema\\\/logo\\\/image\\\/\",\"url\":\"https:\\\/\\\/crivit-bikes.com\\\/wp-content\\\/uploads\\\/Crivit_Logo_300px_1C_RGB.png\",\"contentUrl\":\"https:\\\/\\\/crivit-bikes.com\\\/wp-content\\\/uploads\\\/Crivit_Logo_300px_1C_RGB.png\",\"width\":669,\"height\":669,\"caption\":\"CRIVIT E-Bikes \u2013 Abenteuer auf zwei R\u00e4dern\"},\"image\":{\"@id\":\"https:\\\/\\\/crivit-bikes.com\\\/#\\\/schema\\\/logo\\\/image\\\/\"}}]}<\/script>\n<!-- \/ Yoast SEO plugin. -->","yoast_head_json":{"title":"Crivit Bikes - Serviceseite - Warunki gwarancji handlowa na rowery elektryczne Crivit Urban X.3 i Y.3","robots":{"index":"index","follow":"follow","max-snippet":"max-snippet:-1","max-image-preview":"max-image-preview:large","max-video-preview":"max-video-preview:-1"},"canonical":"https:\/\/crivit-bikes.com\/pl\/gwarancja-x-3-y-3\/","og_locale":"pl_PL","og_type":"article","og_title":"Crivit Bikes - Serviceseite - Warunki gwarancji handlowa na rowery elektryczne Crivit Urban X.3 i Y.3","og_url":"https:\/\/crivit-bikes.com\/pl\/gwarancja-x-3-y-3\/","og_site_name":"Crivit Bikes - Serviceseite","article_modified_time":"2026-03-31T06:38:59+00:00","og_image":[{"width":1980,"height":1271,"url":"https:\/\/crivit-bikes.com\/wp-content\/uploads\/413889_EBikeMale_Seitanansicht.jpg","type":"image\/jpeg"}],"twitter_card":"summary_large_image","twitter_misc":{"Szacowany czas czytania":"4 minuty"},"schema":{"@context":"https:\/\/schema.org","@graph":[{"@type":"WebPage","@id":"https:\/\/crivit-bikes.com\/pl\/gwarancja-x-3-y-3\/","url":"https:\/\/crivit-bikes.com\/pl\/gwarancja-x-3-y-3\/","name":"Crivit Bikes - Serviceseite - Warunki gwarancji handlowa na rowery elektryczne Crivit Urban X.3 i Y.3","isPartOf":{"@id":"https:\/\/crivit-bikes.com\/#website"},"datePublished":"2026-03-24T10:16:31+00:00","dateModified":"2026-03-31T06:38:59+00:00","breadcrumb":{"@id":"https:\/\/crivit-bikes.com\/pl\/gwarancja-x-3-y-3\/#breadcrumb"},"inLanguage":"pl-PL","potentialAction":[{"@type":"ReadAction","target":["https:\/\/crivit-bikes.com\/pl\/gwarancja-x-3-y-3\/"]}]},{"@type":"BreadcrumbList","@id":"https:\/\/crivit-bikes.com\/pl\/gwarancja-x-3-y-3\/#breadcrumb","itemListElement":[{"@type":"ListItem","position":1,"name":"Home","item":"https:\/\/crivit-bikes.com\/pl\/"},{"@type":"ListItem","position":2,"name":"Warunki gwarancji handlowa na rowery elektryczne Crivit Urban X.3 i Y.3"}]},{"@type":"WebSite","@id":"https:\/\/crivit-bikes.com\/#website","url":"https:\/\/crivit-bikes.com\/","name":"CRIVIT E-Bikes \u2013 Abenteuer auf zwei R\u00e4dern","description":"Erlebe grenzenlose Freiheit: Ob Alltag, Einkauf oder Offroad-Tour \u2013 mit hochwertigen Komponenten und zeitlosem Design ziehst du alle Blicke auf dich. Viel Spa\u00df bei deiner ersten Fahrt!","publisher":{"@id":"https:\/\/crivit-bikes.com\/#organization"},"potentialAction":[{"@type":"SearchAction","target":{"@type":"EntryPoint","urlTemplate":"https:\/\/crivit-bikes.com\/?s={search_term_string}"},"query-input":{"@type":"PropertyValueSpecification","valueRequired":true,"valueName":"search_term_string"}}],"inLanguage":"pl-PL"},{"@type":"Organization","@id":"https:\/\/crivit-bikes.com\/#organization","name":"CRIVIT E-Bikes \u2013 Abenteuer auf zwei R\u00e4dern","url":"https:\/\/crivit-bikes.com\/","logo":{"@type":"ImageObject","inLanguage":"pl-PL","@id":"https:\/\/crivit-bikes.com\/#\/schema\/logo\/image\/","url":"https:\/\/crivit-bikes.com\/wp-content\/uploads\/Crivit_Logo_300px_1C_RGB.png","contentUrl":"https:\/\/crivit-bikes.com\/wp-content\/uploads\/Crivit_Logo_300px_1C_RGB.png","width":669,"height":669,"caption":"CRIVIT E-Bikes \u2013 Abenteuer auf zwei R\u00e4dern"},"image":{"@id":"https:\/\/crivit-bikes.com\/#\/schema\/logo\/image\/"}}]}},"_links":{"self":[{"href":"https:\/\/crivit-bikes.com\/pl\/wp-json\/wp\/v2\/pages\/11287","targetHints":{"allow":["GET"]}}],"collection":[{"href":"https:\/\/crivit-bikes.com\/pl\/wp-json\/wp\/v2\/pages"}],"about":[{"href":"https:\/\/crivit-bikes.com\/pl\/wp-json\/wp\/v2\/types\/page"}],"author":[{"embeddable":true,"href":"https:\/\/crivit-bikes.com\/pl\/wp-json\/wp\/v2\/users\/5"}],"replies":[{"embeddable":true,"href":"https:\/\/crivit-bikes.com\/pl\/wp-json\/wp\/v2\/comments?post=11287"}],"version-history":[{"count":3,"href":"https:\/\/crivit-bikes.com\/pl\/wp-json\/wp\/v2\/pages\/11287\/revisions"}],"predecessor-version":[{"id":11318,"href":"https:\/\/crivit-bikes.com\/pl\/wp-json\/wp\/v2\/pages\/11287\/revisions\/11318"}],"wp:attachment":[{"href":"https:\/\/crivit-bikes.com\/pl\/wp-json\/wp\/v2\/media?parent=11287"}],"curies":[{"name":"wp","href":"https:\/\/api.w.org\/{rel}","templated":true}]}}