{"id":10600,"date":"2026-01-28T09:48:41","date_gmt":"2026-01-28T09:48:41","guid":{"rendered":"https:\/\/crivit-bikes.com\/?page_id=10600"},"modified":"2026-02-17T12:54:11","modified_gmt":"2026-02-17T12:54:11","slug":"uwaga-dotyczaca-strony-zewnetrznej","status":"publish","type":"page","link":"https:\/\/crivit-bikes.com\/pl\/uwaga-dotyczaca-strony-zewnetrznej\/","title":{"rendered":"Uwaga dotycz\u0105ca strony zewn\u0119trznej"},"content":{"rendered":"<div id='av-layout-grid-1'  class='av-layout-grid-container av-eg7r9-b8634515e1aa3c2f5e9fa2c94f18977b entry-content-wrapper main_color av-fixed-cells  avia-builder-el-0  el_before_av_hr  avia-builder-el-first   container_wrap fullsize'  >\n\n<style type=\"text\/css\" data-created_by=\"avia_inline_auto\" id=\"style-css-av-a6359-7cc9523cee4ef5d1d1e856e69cca4762\">\n.flex_cell.av-a6359-7cc9523cee4ef5d1d1e856e69cca4762{\nvertical-align:top;\nheight:1px;\nmin-height:1px;\nbackground-color:#ff7828;\n}\n.responsive #top #wrap_all .flex_cell.av-a6359-7cc9523cee4ef5d1d1e856e69cca4762{\npadding:00px 00px 00px 00px !important;\n}\n<\/style>\n<div class='flex_cell av-a6359-7cc9523cee4ef5d1d1e856e69cca4762 av-gridrow-cell av_one_full no_margin  avia-builder-el-1  avia-builder-el-no-sibling  content-align-top'  ><div class='flex_cell_inner'><\/div><\/div>\n<\/div><div id='after_grid_row_1'  class='main_color av_default_container_wrap container_wrap fullsize'  ><div class='container av-section-cont-open' ><div class='template-page content  av-content-full alpha units'><div class='post-entry post-entry-type-page post-entry-10600'><div class='entry-content-wrapper clearfix'>\n\n<style type=\"text\/css\" data-created_by=\"avia_inline_auto\" id=\"style-css-av-mkv4vh2p-08a74af736ef632f2c486abe3cac4107\">\n#top .hr.hr-invisible.av-mkv4vh2p-08a74af736ef632f2c486abe3cac4107{\nheight:50px;\n}\n<\/style>\n<div  class='hr av-mkv4vh2p-08a74af736ef632f2c486abe3cac4107 hr-invisible  avia-builder-el-2  el_after_av_layout_row  el_before_av_section  avia-builder-el-no-sibling '><span class='hr-inner '><span class=\"hr-inner-style\"><\/span><\/span><\/div>\n<\/div><\/div><\/div><!-- close content main div --><\/div><\/div><div id='service'  class='avia-section av-4dmg85-47dbe24015457653646c377274e4fceb main_color avia-section-default avia-no-border-styling  avia-builder-el-3  el_after_av_hr  el_before_av_hr  avia-bg-style-scroll av-minimum-height av-minimum-height-50 av-height-50  container_wrap fullsize'   data-av_minimum_height_pc='50' data-av_min_height_opt='50'><div class='container av-section-cont-open' ><div class='template-page content  av-content-full alpha units'><div class='post-entry post-entry-type-page post-entry-10600'><div class='entry-content-wrapper clearfix'>\n<section  class='av_textblock_section av-47ed3h-ebcc8ceef338dfc888b997ccdcd01e5d '   itemscope=\"itemscope\" itemtype=\"https:\/\/schema.org\/CreativeWork\" ><div class='avia_textblock'  itemprop=\"text\" ><h2 style=\"text-align: center;\">UWAGA DOTYCZ\u0104CA STRONY ZEWN\u0118TRZNEJ<\/h2>\n<\/div><\/section>\n<section  class='av_textblock_section av-3wb3n1-5a0498e943a135766408d36a6de61279 '   itemscope=\"itemscope\" itemtype=\"https:\/\/schema.org\/CreativeWork\" ><div class='avia_textblock'  itemprop=\"text\" ><p style=\"text-align: center;\">Opuszczasz nasz\u0105 stron\u0119 internetow\u0105.<\/p>\n<p style=\"text-align: center;\">Za tre\u015b\u0107 i ochron\u0119 danych na stronie zewn\u0119trznej odpowiedzialny jest wy\u0142\u0105cznie jej operator.<\/p>\n<\/div><\/section>\n\n<style type=\"text\/css\" data-created_by=\"avia_inline_auto\" id=\"style-css-av-40muw5-3bf149d963d16cd782143ee00da42cb9\">\n#top .hr.av-40muw5-3bf149d963d16cd782143ee00da42cb9{\nmargin-top:00px;\nmargin-bottom:30px;\n}\n.hr.av-40muw5-3bf149d963d16cd782143ee00da42cb9 .hr-inner{\nwidth:50px;\nborder-color:#ff7828;\n}\n<\/style>\n<div  class='hr av-40muw5-3bf149d963d16cd782143ee00da42cb9 hr-custom  avia-builder-el-6  el_after_av_textblock  el_before_av_button  hr-center hr-icon-no'><span class='hr-inner inner-border-av-border-fat'><span class=\"hr-inner-style\"><\/span><\/span><\/div>\n<div  class='avia-button-wrap av-25ektf-8a5acb27a0cc7b3466ebd96d23ec8e94-wrap avia-button-center  avia-builder-el-7  el_after_av_hr  el_before_av_hr '><a href='https:\/\/lds-service.com\/pl\/'  class='avia-button av-25ektf-8a5acb27a0cc7b3466ebd96d23ec8e94 av-link-btn avia-icon_select-no avia-size-small avia-position-center avia-color-theme-color'  target=\"_blank\"  rel=\"noopener noreferrer\"  aria-label=\"Dalej\"><span class='avia_iconbox_title' >Dalej<\/span><\/a><\/div>\n\n<style type=\"text\/css\" data-created_by=\"avia_inline_auto\" id=\"style-css-av-3q9q0t-eea60082be6460049bc4e01d2714c839\">\n#top .hr.hr-invisible.av-3q9q0t-eea60082be6460049bc4e01d2714c839{\nheight:20px;\n}\n<\/style>\n<div  class='hr av-3q9q0t-eea60082be6460049bc4e01d2714c839 hr-invisible  avia-builder-el-8  el_after_av_button  avia-builder-el-last '><span class='hr-inner '><span class=\"hr-inner-style\"><\/span><\/span><\/div>\n<\/div><\/div><\/div><!-- close content main div --><\/div><\/div><div id='after_section_1'  class='main_color av_default_container_wrap container_wrap fullsize'  ><div class='container av-section-cont-open' ><div class='template-page content  av-content-full alpha units'><div class='post-entry post-entry-type-page post-entry-10600'><div class='entry-content-wrapper clearfix'>\n<style type=\"text\/css\" data-created_by=\"avia_inline_auto\" id=\"style-css-av-mkv4u3ln-9664862e9c21b8905036d6177815e637\">\n#top .hr.hr-invisible.av-mkv4u3ln-9664862e9c21b8905036d6177815e637{\nheight:100px;\n}\n<\/style>\n<div  class='hr av-mkv4u3ln-9664862e9c21b8905036d6177815e637 hr-invisible  avia-builder-el-9  el_after_av_section  el_before_av_layout_row  avia-builder-el-no-sibling '><span class='hr-inner '><span class=\"hr-inner-style\"><\/span><\/span><\/div><\/p>\n<\/div><\/div><\/div><!-- close content main div --><\/div><\/div><div id='av-layout-grid-2'  class='av-layout-grid-container av-gczu5-d79c15c0bc5f93180069a37393c844a1 entry-content-wrapper main_color av-flex-cells  avia-builder-el-10  el_after_av_hr  avia-builder-el-last  grid-row-not-first av-small-hide av-mini-hide container_wrap fullsize'  >\n\n<style type=\"text\/css\" data-created_by=\"avia_inline_auto\" id=\"style-css-av-81185-1a32320c9e4a9bf85d49df7ee3b57b37\">\n.flex_cell.av-81185-1a32320c9e4a9bf85d49df7ee3b57b37{\nvertical-align:top;\nheight:1px;\nmin-height:1px;\nbackground-color:#ff7828;\n}\n.responsive #top #wrap_all .flex_cell.av-81185-1a32320c9e4a9bf85d49df7ee3b57b37{\npadding:00px 00px 00px 00px !important;\n}\n<\/style>\n<div class='flex_cell av-81185-1a32320c9e4a9bf85d49df7ee3b57b37 av-gridrow-cell av_one_full no_margin  avia-builder-el-11  avia-builder-el-no-sibling  content-align-top'  ><div class='flex_cell_inner'><\/div><\/div>\n<\/div>\n","protected":false},"excerpt":{"rendered":"","protected":false},"author":5,"featured_media":0,"parent":0,"menu_order":0,"comment_status":"closed","ping_status":"closed","template":"","meta":{"inline_featured_image":false,"footnotes":""},"class_list":["post-10600","page","type-page","status-publish","hentry"],"yoast_head":"<!-- This site is optimized with the Yoast SEO plugin v27.3 - https:\/\/yoast.com\/product\/yoast-seo-wordpress\/ -->\n<title>Crivit Bikes - Serviceseite - Uwaga dotycz\u0105ca strony zewn\u0119trznej<\/title>\n<meta name=\"description\" content=\"Informacje og\u00f3lne \u2013 w czym mo\u017cemy pom\u00f3c?Niezale\u017cnie od tego, czy masz pytanie dotycz\u0105ce swojego roweru, czy chcesz zam\u00f3wi\u0107 cz\u0119\u015bci zamienne \u2013 oczywi\u015bcie ch\u0119tnie Ci pomo\u017cemy. Bezb\u0142\u0119dne produkty dla naszych klient\u00f3w \u2013 to nasza najwa\u017cniejsza us\u0142uga. W tym celu produkujemy artyku\u0142y z wielk\u0105 staranno\u015bci\u0105 i pod sta\u0142\u0105 kontrol\u0105. Je\u015bli jednak pojawi\u0105 si\u0119 pytania lub nawet reklamacje, nasi pracownicy serwisu szybko udziel\u0105 pomocy i osobistej porady.\" \/>\n<meta name=\"robots\" content=\"index, follow, max-snippet:-1, max-image-preview:large, max-video-preview:-1\" \/>\n<link rel=\"canonical\" href=\"https:\/\/crivit-bikes.com\/pl\/uwaga-dotyczaca-strony-zewnetrznej\/\" \/>\n<meta property=\"og:locale\" content=\"pl_PL\" \/>\n<meta property=\"og:type\" content=\"article\" \/>\n<meta property=\"og:title\" content=\"Crivit Bikes - Serviceseite - Uwaga dotycz\u0105ca strony zewn\u0119trznej\" \/>\n<meta property=\"og:description\" content=\"Informacje og\u00f3lne \u2013 w czym mo\u017cemy pom\u00f3c?Niezale\u017cnie od tego, czy masz pytanie dotycz\u0105ce swojego roweru, czy chcesz zam\u00f3wi\u0107 cz\u0119\u015bci zamienne \u2013 oczywi\u015bcie ch\u0119tnie Ci pomo\u017cemy. Bezb\u0142\u0119dne produkty dla naszych klient\u00f3w \u2013 to nasza najwa\u017cniejsza us\u0142uga. W tym celu produkujemy artyku\u0142y z wielk\u0105 staranno\u015bci\u0105 i pod sta\u0142\u0105 kontrol\u0105. Je\u015bli jednak pojawi\u0105 si\u0119 pytania lub nawet reklamacje, nasi pracownicy serwisu szybko udziel\u0105 pomocy i osobistej porady.\" \/>\n<meta property=\"og:url\" content=\"https:\/\/crivit-bikes.com\/pl\/uwaga-dotyczaca-strony-zewnetrznej\/\" \/>\n<meta property=\"og:site_name\" content=\"Crivit Bikes - Serviceseite\" \/>\n<meta property=\"article:modified_time\" content=\"2026-02-17T12:54:11+00:00\" \/>\n<meta property=\"og:image\" content=\"https:\/\/crivit-bikes.com\/wp-content\/uploads\/413889_EBikeMale_Seitanansicht.jpg\" \/>\n\t<meta property=\"og:image:width\" content=\"1980\" \/>\n\t<meta property=\"og:image:height\" content=\"1271\" \/>\n\t<meta property=\"og:image:type\" content=\"image\/jpeg\" \/>\n<meta name=\"twitter:card\" content=\"summary_large_image\" \/>\n<meta name=\"twitter:label1\" content=\"Szacowany czas czytania\" \/>\n\t<meta name=\"twitter:data1\" content=\"1 minuta\" \/>\n<script type=\"application\/ld+json\" class=\"yoast-schema-graph\">{\"@context\":\"https:\\\/\\\/schema.org\",\"@graph\":[{\"@type\":\"WebPage\",\"@id\":\"https:\\\/\\\/crivit-bikes.com\\\/pl\\\/uwaga-dotyczaca-strony-zewnetrznej\\\/\",\"url\":\"https:\\\/\\\/crivit-bikes.com\\\/pl\\\/uwaga-dotyczaca-strony-zewnetrznej\\\/\",\"name\":\"Crivit Bikes - Serviceseite - Uwaga dotycz\u0105ca strony zewn\u0119trznej\",\"isPartOf\":{\"@id\":\"https:\\\/\\\/crivit-bikes.com\\\/#website\"},\"datePublished\":\"2026-01-28T09:48:41+00:00\",\"dateModified\":\"2026-02-17T12:54:11+00:00\",\"description\":\"Informacje og\u00f3lne \u2013 w czym mo\u017cemy pom\u00f3c?Niezale\u017cnie od tego, czy masz pytanie dotycz\u0105ce swojego roweru, czy chcesz zam\u00f3wi\u0107 cz\u0119\u015bci zamienne \u2013 oczywi\u015bcie ch\u0119tnie Ci pomo\u017cemy. Bezb\u0142\u0119dne produkty dla naszych klient\u00f3w \u2013 to nasza najwa\u017cniejsza us\u0142uga. W tym celu produkujemy artyku\u0142y z wielk\u0105 staranno\u015bci\u0105 i pod sta\u0142\u0105 kontrol\u0105. Je\u015bli jednak pojawi\u0105 si\u0119 pytania lub nawet reklamacje, nasi pracownicy serwisu szybko udziel\u0105 pomocy i osobistej porady.\",\"breadcrumb\":{\"@id\":\"https:\\\/\\\/crivit-bikes.com\\\/pl\\\/uwaga-dotyczaca-strony-zewnetrznej\\\/#breadcrumb\"},\"inLanguage\":\"pl-PL\",\"potentialAction\":[{\"@type\":\"ReadAction\",\"target\":[\"https:\\\/\\\/crivit-bikes.com\\\/pl\\\/uwaga-dotyczaca-strony-zewnetrznej\\\/\"]}]},{\"@type\":\"BreadcrumbList\",\"@id\":\"https:\\\/\\\/crivit-bikes.com\\\/pl\\\/uwaga-dotyczaca-strony-zewnetrznej\\\/#breadcrumb\",\"itemListElement\":[{\"@type\":\"ListItem\",\"position\":1,\"name\":\"Home\",\"item\":\"https:\\\/\\\/crivit-bikes.com\\\/pl\\\/\"},{\"@type\":\"ListItem\",\"position\":2,\"name\":\"Uwaga dotycz\u0105ca strony zewn\u0119trznej\"}]},{\"@type\":\"WebSite\",\"@id\":\"https:\\\/\\\/crivit-bikes.com\\\/#website\",\"url\":\"https:\\\/\\\/crivit-bikes.com\\\/\",\"name\":\"CRIVIT E-Bikes \u2013 Abenteuer auf zwei R\u00e4dern\",\"description\":\"Erlebe grenzenlose Freiheit: Ob Alltag, Einkauf oder Offroad-Tour \u2013 mit hochwertigen Komponenten und zeitlosem Design ziehst du alle Blicke auf dich. Viel Spa\u00df bei deiner ersten Fahrt!\",\"publisher\":{\"@id\":\"https:\\\/\\\/crivit-bikes.com\\\/#organization\"},\"potentialAction\":[{\"@type\":\"SearchAction\",\"target\":{\"@type\":\"EntryPoint\",\"urlTemplate\":\"https:\\\/\\\/crivit-bikes.com\\\/?s={search_term_string}\"},\"query-input\":{\"@type\":\"PropertyValueSpecification\",\"valueRequired\":true,\"valueName\":\"search_term_string\"}}],\"inLanguage\":\"pl-PL\"},{\"@type\":\"Organization\",\"@id\":\"https:\\\/\\\/crivit-bikes.com\\\/#organization\",\"name\":\"CRIVIT E-Bikes \u2013 Abenteuer auf zwei R\u00e4dern\",\"url\":\"https:\\\/\\\/crivit-bikes.com\\\/\",\"logo\":{\"@type\":\"ImageObject\",\"inLanguage\":\"pl-PL\",\"@id\":\"https:\\\/\\\/crivit-bikes.com\\\/#\\\/schema\\\/logo\\\/image\\\/\",\"url\":\"https:\\\/\\\/crivit-bikes.com\\\/wp-content\\\/uploads\\\/Crivit_Logo_300px_1C_RGB.png\",\"contentUrl\":\"https:\\\/\\\/crivit-bikes.com\\\/wp-content\\\/uploads\\\/Crivit_Logo_300px_1C_RGB.png\",\"width\":669,\"height\":669,\"caption\":\"CRIVIT E-Bikes \u2013 Abenteuer auf zwei R\u00e4dern\"},\"image\":{\"@id\":\"https:\\\/\\\/crivit-bikes.com\\\/#\\\/schema\\\/logo\\\/image\\\/\"}}]}<\/script>\n<!-- \/ Yoast SEO plugin. -->","yoast_head_json":{"title":"Crivit Bikes - Serviceseite - Uwaga dotycz\u0105ca strony zewn\u0119trznej","description":"Informacje og\u00f3lne \u2013 w czym mo\u017cemy pom\u00f3c?Niezale\u017cnie od tego, czy masz pytanie dotycz\u0105ce swojego roweru, czy chcesz zam\u00f3wi\u0107 cz\u0119\u015bci zamienne \u2013 oczywi\u015bcie ch\u0119tnie Ci pomo\u017cemy. Bezb\u0142\u0119dne produkty dla naszych klient\u00f3w \u2013 to nasza najwa\u017cniejsza us\u0142uga. W tym celu produkujemy artyku\u0142y z wielk\u0105 staranno\u015bci\u0105 i pod sta\u0142\u0105 kontrol\u0105. Je\u015bli jednak pojawi\u0105 si\u0119 pytania lub nawet reklamacje, nasi pracownicy serwisu szybko udziel\u0105 pomocy i osobistej porady.","robots":{"index":"index","follow":"follow","max-snippet":"max-snippet:-1","max-image-preview":"max-image-preview:large","max-video-preview":"max-video-preview:-1"},"canonical":"https:\/\/crivit-bikes.com\/pl\/uwaga-dotyczaca-strony-zewnetrznej\/","og_locale":"pl_PL","og_type":"article","og_title":"Crivit Bikes - Serviceseite - Uwaga dotycz\u0105ca strony zewn\u0119trznej","og_description":"Informacje og\u00f3lne \u2013 w czym mo\u017cemy pom\u00f3c?Niezale\u017cnie od tego, czy masz pytanie dotycz\u0105ce swojego roweru, czy chcesz zam\u00f3wi\u0107 cz\u0119\u015bci zamienne \u2013 oczywi\u015bcie ch\u0119tnie Ci pomo\u017cemy. Bezb\u0142\u0119dne produkty dla naszych klient\u00f3w \u2013 to nasza najwa\u017cniejsza us\u0142uga. W tym celu produkujemy artyku\u0142y z wielk\u0105 staranno\u015bci\u0105 i pod sta\u0142\u0105 kontrol\u0105. Je\u015bli jednak pojawi\u0105 si\u0119 pytania lub nawet reklamacje, nasi pracownicy serwisu szybko udziel\u0105 pomocy i osobistej porady.","og_url":"https:\/\/crivit-bikes.com\/pl\/uwaga-dotyczaca-strony-zewnetrznej\/","og_site_name":"Crivit Bikes - Serviceseite","article_modified_time":"2026-02-17T12:54:11+00:00","og_image":[{"width":1980,"height":1271,"url":"https:\/\/crivit-bikes.com\/wp-content\/uploads\/413889_EBikeMale_Seitanansicht.jpg","type":"image\/jpeg"}],"twitter_card":"summary_large_image","twitter_misc":{"Szacowany czas czytania":"1 minuta"},"schema":{"@context":"https:\/\/schema.org","@graph":[{"@type":"WebPage","@id":"https:\/\/crivit-bikes.com\/pl\/uwaga-dotyczaca-strony-zewnetrznej\/","url":"https:\/\/crivit-bikes.com\/pl\/uwaga-dotyczaca-strony-zewnetrznej\/","name":"Crivit Bikes - Serviceseite - Uwaga dotycz\u0105ca strony zewn\u0119trznej","isPartOf":{"@id":"https:\/\/crivit-bikes.com\/#website"},"datePublished":"2026-01-28T09:48:41+00:00","dateModified":"2026-02-17T12:54:11+00:00","description":"Informacje og\u00f3lne \u2013 w czym mo\u017cemy pom\u00f3c?Niezale\u017cnie od tego, czy masz pytanie dotycz\u0105ce swojego roweru, czy chcesz zam\u00f3wi\u0107 cz\u0119\u015bci zamienne \u2013 oczywi\u015bcie ch\u0119tnie Ci pomo\u017cemy. Bezb\u0142\u0119dne produkty dla naszych klient\u00f3w \u2013 to nasza najwa\u017cniejsza us\u0142uga. W tym celu produkujemy artyku\u0142y z wielk\u0105 staranno\u015bci\u0105 i pod sta\u0142\u0105 kontrol\u0105. Je\u015bli jednak pojawi\u0105 si\u0119 pytania lub nawet reklamacje, nasi pracownicy serwisu szybko udziel\u0105 pomocy i osobistej porady.","breadcrumb":{"@id":"https:\/\/crivit-bikes.com\/pl\/uwaga-dotyczaca-strony-zewnetrznej\/#breadcrumb"},"inLanguage":"pl-PL","potentialAction":[{"@type":"ReadAction","target":["https:\/\/crivit-bikes.com\/pl\/uwaga-dotyczaca-strony-zewnetrznej\/"]}]},{"@type":"BreadcrumbList","@id":"https:\/\/crivit-bikes.com\/pl\/uwaga-dotyczaca-strony-zewnetrznej\/#breadcrumb","itemListElement":[{"@type":"ListItem","position":1,"name":"Home","item":"https:\/\/crivit-bikes.com\/pl\/"},{"@type":"ListItem","position":2,"name":"Uwaga dotycz\u0105ca strony zewn\u0119trznej"}]},{"@type":"WebSite","@id":"https:\/\/crivit-bikes.com\/#website","url":"https:\/\/crivit-bikes.com\/","name":"CRIVIT E-Bikes \u2013 Abenteuer auf zwei R\u00e4dern","description":"Erlebe grenzenlose Freiheit: Ob Alltag, Einkauf oder Offroad-Tour \u2013 mit hochwertigen Komponenten und zeitlosem Design ziehst du alle Blicke auf dich. Viel Spa\u00df bei deiner ersten Fahrt!","publisher":{"@id":"https:\/\/crivit-bikes.com\/#organization"},"potentialAction":[{"@type":"SearchAction","target":{"@type":"EntryPoint","urlTemplate":"https:\/\/crivit-bikes.com\/?s={search_term_string}"},"query-input":{"@type":"PropertyValueSpecification","valueRequired":true,"valueName":"search_term_string"}}],"inLanguage":"pl-PL"},{"@type":"Organization","@id":"https:\/\/crivit-bikes.com\/#organization","name":"CRIVIT E-Bikes \u2013 Abenteuer auf zwei R\u00e4dern","url":"https:\/\/crivit-bikes.com\/","logo":{"@type":"ImageObject","inLanguage":"pl-PL","@id":"https:\/\/crivit-bikes.com\/#\/schema\/logo\/image\/","url":"https:\/\/crivit-bikes.com\/wp-content\/uploads\/Crivit_Logo_300px_1C_RGB.png","contentUrl":"https:\/\/crivit-bikes.com\/wp-content\/uploads\/Crivit_Logo_300px_1C_RGB.png","width":669,"height":669,"caption":"CRIVIT E-Bikes \u2013 Abenteuer auf zwei R\u00e4dern"},"image":{"@id":"https:\/\/crivit-bikes.com\/#\/schema\/logo\/image\/"}}]}},"_links":{"self":[{"href":"https:\/\/crivit-bikes.com\/pl\/wp-json\/wp\/v2\/pages\/10600","targetHints":{"allow":["GET"]}}],"collection":[{"href":"https:\/\/crivit-bikes.com\/pl\/wp-json\/wp\/v2\/pages"}],"about":[{"href":"https:\/\/crivit-bikes.com\/pl\/wp-json\/wp\/v2\/types\/page"}],"author":[{"embeddable":true,"href":"https:\/\/crivit-bikes.com\/pl\/wp-json\/wp\/v2\/users\/5"}],"replies":[{"embeddable":true,"href":"https:\/\/crivit-bikes.com\/pl\/wp-json\/wp\/v2\/comments?post=10600"}],"version-history":[{"count":6,"href":"https:\/\/crivit-bikes.com\/pl\/wp-json\/wp\/v2\/pages\/10600\/revisions"}],"predecessor-version":[{"id":11192,"href":"https:\/\/crivit-bikes.com\/pl\/wp-json\/wp\/v2\/pages\/10600\/revisions\/11192"}],"wp:attachment":[{"href":"https:\/\/crivit-bikes.com\/pl\/wp-json\/wp\/v2\/media?parent=10600"}],"curies":[{"name":"wp","href":"https:\/\/api.w.org\/{rel}","templated":true}]}}