{"id":11285,"date":"2026-03-24T10:18:59","date_gmt":"2026-03-24T10:18:59","guid":{"rendered":"https:\/\/crivit-bikes.com\/?page_id=11285"},"modified":"2026-03-31T06:40:03","modified_gmt":"2026-03-31T06:40:03","slug":"zaruka-x-3-y-3","status":"publish","type":"page","link":"https:\/\/crivit-bikes.com\/cs\/zaruka-x-3-y-3\/","title":{"rendered":"Z\u00e1ru\u010dn\u00ed podm\u00ednky pro elektrokola Crivit Urban X.3 a Y.3"},"content":{"rendered":"<section  class='av_textblock_section av-fj8uf-4a229fa215147e4229a42202b2aa04ef '   itemscope=\"itemscope\" itemtype=\"https:\/\/schema.org\/CreativeWork\" ><div class='avia_textblock'  itemprop=\"text\" ><h2>Z\u00e1ru\u010dn\u00ed podm\u00ednky pro elektrokola Crivit Urban X.3 a Y.3<\/h2>\n<\/div><\/section>\n\n<style type=\"text\/css\" data-created_by=\"avia_inline_auto\" id=\"style-css-av-anusv-85f2f0be481a287dea8e8ea9cefbe039\">\n#top .hr.av-anusv-85f2f0be481a287dea8e8ea9cefbe039{\nmargin-top:00px;\nmargin-bottom:30px;\n}\n.hr.av-anusv-85f2f0be481a287dea8e8ea9cefbe039 .hr-inner{\nwidth:50px;\nborder-color:#991726;\n}\n<\/style>\n<div  class='hr av-anusv-85f2f0be481a287dea8e8ea9cefbe039 hr-custom  avia-builder-el-1  el_after_av_textblock  el_before_av_textblock  hr-left hr-icon-no'><span class='hr-inner inner-border-av-border-fat'><span class=\"hr-inner-style\"><\/span><\/span><\/div>\n<section  class='av_textblock_section av-jhkgb5zw-7eca7095ffbcf3150d11ab200046181a '   itemscope=\"itemscope\" itemtype=\"https:\/\/schema.org\/CreativeWork\" ><div class='avia_textblock'  itemprop=\"text\" ><p><strong>1. Poskytovatel z\u00e1ruky<\/strong><\/p>\n<p>Z\u00e1ruku (\u201ekomer\u010dn\u00ed z\u00e1ruka\u201c) poskytuje v\u00fdrobce dot\u010den\u00fdch produkt\u016f, spole\u010dnost Delta-Sport Handelskontor GmbH, Wragekamp 6, 22397 Hamburk, N\u011bmecko (d\u00e1le jen \u201ev\u00fdrobce\u201c).<\/p>\n<p><strong>Kontakt v p\u0159\u00edpad\u011b uplatn\u011bn\u00ed z\u00e1ruky:<\/strong><\/p>\n<p>Z\u00e1kaznick\u00fd servis: Tel. 0800 5435 111, e-mail: deltasport@lidl.de<\/p>\n<p><strong>2. Produkty, na kter\u00e9 se z\u00e1ruka vztahuje<\/strong><\/p>\n<p>Tyto z\u00e1ru\u010dn\u00ed podm\u00ednky plat\u00ed pro modely <span class=\"--l --r hover:bg-blue-100 hover:dark:bg-blue-600\">CRIVIT<\/span> <span class=\"--l --r hover:bg-blue-100 hover:dark:bg-blue-600\">Urban<\/span> <span class=\"--l --r hover:bg-blue-100 hover:dark:bg-blue-600\">E<\/span>&#8211;<span class=\"--l --r hover:bg-blue-100 hover:dark:bg-blue-600\">Bike<\/span> <span class=\"--l --r hover:bg-blue-100 hover:dark:bg-blue-600\">X<\/span>.<span class=\"--l --r hover:bg-blue-100 hover:dark:bg-blue-600\">3<\/span> <span class=\"--l --r hover:bg-blue-100 hover:dark:bg-blue-600\">a<\/span> <span class=\"--l --r hover:bg-blue-100 hover:dark:bg-blue-600\">CRIVIT<\/span> <span class=\"--l --r hover:bg-blue-100 hover:dark:bg-blue-600\">Urban<\/span> <span class=\"--l --r hover:bg-blue-100 hover:dark:bg-blue-600\">E<\/span>&#8211;<span class=\"--l --r hover:bg-blue-100 hover:dark:bg-blue-600\">Bike<\/span> <span class=\"--l --r hover:bg-blue-100 hover:dark:bg-blue-600\">Y<\/span>.<span class=\"--l --r hover:bg-blue-100 hover:dark:bg-blue-600\">3<\/span>. Z\u00e1ruka plat\u00ed zp\u011btn\u011b i pro ji\u017e zakoupen\u00e9 modely <span class=\"--l --r hover:bg-blue-100 hover:dark:bg-blue-600\">CRIVIT<\/span> <span class=\"--l --r hover:bg-blue-100 hover:dark:bg-blue-600\">Urban<\/span> <span class=\"--l --r hover:bg-blue-100 hover:dark:bg-blue-600\">E<\/span>&#8211;<span class=\"--l --r hover:bg-blue-100 hover:dark:bg-blue-600\">Bike<\/span> <span class=\"--l --r hover:bg-blue-100 hover:dark:bg-blue-600\">X<\/span>.<span class=\"--l --r hover:bg-blue-100 hover:dark:bg-blue-600\">3<\/span> <span class=\"--l --r hover:bg-blue-100 hover:dark:bg-blue-600\">a<\/span> <span class=\"--l --r hover:bg-blue-100 hover:dark:bg-blue-600\">CRIVIT<\/span> <span class=\"--l --r hover:bg-blue-100 hover:dark:bg-blue-600\">Urban<\/span> <span class=\"--l --r hover:bg-blue-100 hover:dark:bg-blue-600\">E<\/span>&#8211;<span class=\"--l --r hover:bg-blue-100 hover:dark:bg-blue-600\">Bike<\/span> <span class=\"--l --r hover:bg-blue-100 hover:dark:bg-blue-600\">Y<\/span>.<span class=\"--l --r hover:bg-blue-100 hover:dark:bg-blue-600\">3<\/span>. Rozhoduj\u00edc\u00ed je p\u0159\u00edslu\u0161n\u00e9 datum n\u00e1kupu.<\/p>\n<p><strong>3. Sou\u010d\u00e1sti, na kter\u00e9 se z\u00e1ruka vztahuje<\/strong><\/p>\n<p>Jedn\u00e1 se o z\u00e1ruku v\u00fdhradn\u011b na ur\u010dit\u00e9 sou\u010d\u00e1sti model\u016f uveden\u00fdch v bod\u011b 2 v\u00fd\u0161e. Z\u00e1ruka se nevztahuje na cel\u00e9 kolo. Z\u00e1ruka se vztahuje v\u00fdhradn\u011b na vady materi\u00e1lu a zpracov\u00e1n\u00ed n\u00e1sleduj\u00edc\u00edch pevn\u00fdch sou\u010d\u00e1st\u00ed: r\u00e1m, pevn\u00e1 vidlice, \u0159\u00edd\u00edtka, p\u0159edstavec a kliky.<\/p>\n<p><strong>4. Doba trv\u00e1n\u00ed z\u00e1ruky<\/strong><\/p>\n<p>V\u00fdrobce poskytuje na v\u00fd\u0161e uveden\u00e9 sou\u010d\u00e1sti uveden\u00e9 v bod\u011b 3 z\u00e1ruku v d\u00e9lce 10 let od data prvn\u00edho n\u00e1kupu.<\/p>\n<p><strong>5. \u00dazemn\u00ed p\u016fsobnost<\/strong><\/p>\n<p><span class=\"--l --r container-target\"><span class=\"--l --r bg-blue-50 dark:bg-blue-500 text-unit-target\"><span class=\"--l --r hover:bg-blue-100 hover:dark:bg-blue-600\">Z\u00e1ruka<\/span> <span class=\"--l --r hover:bg-blue-100 hover:dark:bg-blue-600\">se<\/span> <span class=\"--l --r hover:bg-blue-100 hover:dark:bg-blue-600\">vztahuje<\/span> <span class=\"--l --r hover:bg-blue-100 hover:dark:bg-blue-600\">na<\/span> <span class=\"--l --r hover:bg-blue-100 hover:dark:bg-blue-600\">v\u0161echny<\/span> <span class=\"--l --r hover:bg-blue-100 hover:dark:bg-blue-600\">modely<\/span> <span class=\"--l --r hover:bg-blue-100 hover:dark:bg-blue-600\">CRIVIT<\/span> <span class=\"--l --r hover:bg-blue-100 hover:dark:bg-blue-600\">Urban<\/span> <span class=\"--l --r hover:bg-blue-100 hover:dark:bg-blue-600\">E<\/span>&#8211;<span class=\"--l --r hover:bg-blue-100 hover:dark:bg-blue-600\">Bike<\/span> <span class=\"--l --r hover:bg-blue-100 hover:dark:bg-blue-600\">X<\/span>.<span class=\"--l --r hover:bg-blue-100 hover:dark:bg-blue-600\">3<\/span> <span class=\"--l --r hover:bg-blue-100 hover:dark:bg-blue-600\">a<\/span> <span class=\"--l --r hover:bg-blue-100 hover:dark:bg-blue-600\">CRIVIT<\/span> <span class=\"--l --r hover:bg-blue-100 hover:dark:bg-blue-600\">Urban<\/span> <span class=\"--l --r hover:bg-blue-100 hover:dark:bg-blue-600\">E<\/span>&#8211;<span class=\"--l --r hover:bg-blue-100 hover:dark:bg-blue-600\">Bike<\/span> <span class=\"--l --r hover:bg-blue-100 hover:dark:bg-blue-600\">Y<\/span>.<span class=\"--l --r hover:bg-blue-100 hover:dark:bg-blue-600\">3<\/span> <span class=\"--l --r hover:bg-blue-100 hover:dark:bg-blue-600\">zakoupen\u00e9<\/span> <span class=\"--l --r hover:bg-blue-100 hover:dark:bg-blue-600\">v<\/span> <span class=\"--l --r hover:bg-blue-100 hover:dark:bg-blue-600\">r\u00e1mci<\/span> <span class=\"--l --r hover:bg-blue-100 hover:dark:bg-blue-600\">Evropsk\u00e9<\/span> <span class=\"--l --r hover:bg-blue-100 hover:dark:bg-blue-600\">unie<\/span>, <span class=\"--l --r hover:bg-blue-100 hover:dark:bg-blue-600\">kter\u00e9<\/span> <span class=\"--l --r hover:bg-blue-100 hover:dark:bg-blue-600\">z\u00e1kazn\u00edk<\/span> <span class=\"--l --r hover:bg-blue-100 hover:dark:bg-blue-600\">zakoupil<\/span> <span class=\"--l --r hover:bg-blue-100 hover:dark:bg-blue-600\">p\u0159\u00edmo<\/span> <span class=\"--l --r hover:bg-blue-100 hover:dark:bg-blue-600\">a<\/span> <span class=\"--l --r hover:bg-blue-100 hover:dark:bg-blue-600\">bezprost\u0159edn\u011b<\/span> <span class=\"--l --r hover:bg-blue-100 hover:dark:bg-blue-600\">od<\/span> <span class=\"--l --r hover:bg-blue-100 hover:dark:bg-blue-600\">spole\u010dnosti<\/span> <span class=\"--l --r hover:bg-blue-100 hover:dark:bg-blue-600\">pat\u0159\u00edc\u00ed<\/span> <span class=\"--l --r hover:bg-blue-100 hover:dark:bg-blue-600\">do<\/span> <span class=\"--l --r hover:bg-blue-100 hover:dark:bg-blue-600\">skupiny<\/span> <span class=\"--l --r hover:bg-blue-100 hover:dark:bg-blue-600\">Lidl<\/span> (<span class=\"--l --r hover:bg-blue-100 hover:dark:bg-blue-600\">pobo\u010dka<\/span> <span class=\"--l --r hover:bg-blue-100 hover:dark:bg-blue-600\">Lidl<\/span> <span class=\"--l --r hover:bg-blue-100 hover:dark:bg-blue-600\">nebo<\/span> <span class=\"--l --r hover:bg-blue-100 hover:dark:bg-blue-600\">internetov\u00fd<\/span> <span class=\"--l --r hover:bg-blue-100 hover:dark:bg-blue-600\">obchod<\/span> <span class=\"--l --r hover:bg-blue-100 hover:dark:bg-blue-600\">Lidl<\/span>).<\/span><\/span><\/p>\n<p><strong>6. Z\u00e1ru\u010dn\u00ed pln\u011bn\u00ed<\/strong><\/p>\n<p><span class=\"--l --r hover:bg-blue-100 hover:dark:bg-blue-600\">V<\/span> <span class=\"--l --r hover:bg-blue-100 hover:dark:bg-blue-600\">p\u0159\u00edpad\u011b<\/span> <span class=\"--l --r hover:bg-blue-100 hover:dark:bg-blue-600\">uplatn\u011bn\u00ed<\/span> <span class=\"--l --r hover:bg-blue-100 hover:dark:bg-blue-600\">z\u00e1ruky<\/span> <span class=\"--l --r hover:bg-blue-100 hover:dark:bg-blue-600\">v\u00fdrobce<\/span> <span class=\"--l --r hover:bg-blue-100 hover:dark:bg-blue-600\">na<\/span> <span class=\"--l --r hover:bg-blue-100 hover:dark:bg-blue-600\">sv\u00e9<\/span> <span class=\"--l --r hover:bg-blue-100 hover:dark:bg-blue-600\">n\u00e1klady<\/span> <span class=\"--l --r hover:bg-blue-100 hover:dark:bg-blue-600\">oprav\u00ed<\/span> <span class=\"--l --r hover:bg-blue-100 hover:dark:bg-blue-600\">nebo<\/span> <span class=\"--l --r hover:bg-blue-100 hover:dark:bg-blue-600\">vym\u011bn\u00ed<\/span> <span class=\"--l --r hover:bg-blue-100 hover:dark:bg-blue-600\">dot\u010denou<\/span> <span class=\"--l --r hover:bg-blue-100 hover:dark:bg-blue-600\">sou\u010d\u00e1st<\/span>. Pokud ji\u017e nen\u00ed k dispozici sou\u010d\u00e1st stejn\u00e9ho proveden\u00ed, velikosti nebo barvy, m\u016f\u017ee v\u00fdrobce poskytnout ekvivalentn\u00ed n\u00e1hradn\u00ed sou\u010d\u00e1st. N\u00e1rok na origin\u00e1ln\u00ed n\u00e1hradn\u00ed d\u00edly neexistuje. Pokud je oprava pro v\u00fdrobce provediteln\u00e1 pouze s nep\u0159im\u011b\u0159en\u00fdm \u00fasil\u00edm nebo se stala nemo\u017enou, proto\u017ee ji\u017e nejsou k dispozici \u017e\u00e1dn\u00e9 n\u00e1hradn\u00ed d\u00edly (nap\u0159\u00edklad z d\u016fvodu mezit\u00edmn\u00edho ukon\u010den\u00ed produktov\u00e9 \u0159ady), vym\u011bn\u00ed v\u00fdrobce kolo za rovnocenn\u00fd nov\u00fd model nebo z\u00e1kazn\u00edkovi vr\u00e1t\u00ed kupn\u00ed cenu odpov\u00eddaj\u00edc\u00ed p\u0159\u00edslu\u0161n\u00e9 zbytkov\u00e9 hodnot\u011b kola. Z\u00e1ru\u010dn\u00ed pln\u011bn\u00ed je omezeno na v\u00fd\u0161e popsanou opravu, v\u00fdm\u011bnu nebo vr\u00e1cen\u00ed pen\u011bz. Dal\u0161\u00ed n\u00e1roky vypl\u00fdvaj\u00edc\u00ed z t\u00e9to z\u00e1ruky neexistuj\u00ed. Z\u00e1konn\u00e9 n\u00e1roky, zejm\u00e9na z odpov\u011bdnosti za v\u00fdrobek, t\u00edm nejsou dot\u010deny.<\/p>\n<p><strong>7. Podm\u00ednky pro uplatn\u011bn\u00ed n\u00e1roku na z\u00e1ruku<\/strong><\/p>\n<p>N\u00e1rok na z\u00e1ruku vznik\u00e1 pouze za n\u00e1sleduj\u00edc\u00edch podm\u00ednek:<\/p>\n<p>a) Z\u00e1ruka plat\u00ed v\u00fdhradn\u011b pro prvn\u00edho kupuj\u00edc\u00edho. V p\u0159\u00edpad\u011b dal\u0161\u00edho prodeje kola n\u00e1rok na z\u00e1ruku zanik\u00e1.<\/p>\n<p>b) <span class=\"--l --r hover:bg-blue-100 hover:dark:bg-blue-600\">Kupuj\u00edc\u00ed<\/span> <span class=\"--l --r hover:bg-blue-100 hover:dark:bg-blue-600\">mus\u00ed<\/span> <span class=\"--l --r hover:bg-blue-100 hover:dark:bg-blue-600\">prok\u00e1zat<\/span> <span class=\"--l --r hover:bg-blue-100 hover:dark:bg-blue-600\">n\u00e1kup<\/span> <span class=\"--l --r hover:bg-blue-100 hover:dark:bg-blue-600\">vhodn\u00fdm<\/span> <span class=\"--l --r hover:bg-blue-100 hover:dark:bg-blue-600\">dokladem<\/span>. [<span class=\"--l --r hover:bg-blue-100 hover:dark:bg-blue-600\">Info<\/span>: <span class=\"--l --r hover:bg-blue-100 hover:dark:bg-blue-600\">kupuj\u00edc\u00ed<\/span> <span class=\"--l --r hover:bg-blue-100 hover:dark:bg-blue-600\">m\u016f\u017ee<\/span> <span class=\"--l --r hover:bg-blue-100 hover:dark:bg-blue-600\">p\u0159\u00edpadn\u011b<\/span> <span class=\"--l --r hover:bg-blue-100 hover:dark:bg-blue-600\">prok\u00e1zat<\/span> <span class=\"--l --r hover:bg-blue-100 hover:dark:bg-blue-600\">n\u00e1kup<\/span> <span class=\"--l --r hover:bg-blue-100 hover:dark:bg-blue-600\">potvrzen\u00edm<\/span> <span class=\"--l --r hover:bg-blue-100 hover:dark:bg-blue-600\">objedn\u00e1vky<\/span> <span class=\"--l --r hover:bg-blue-100 hover:dark:bg-blue-600\">v<\/span> <span class=\"--l --r hover:bg-blue-100 hover:dark:bg-blue-600\">kombinaci<\/span> <span class=\"--l --r hover:bg-blue-100 hover:dark:bg-blue-600\">s<\/span> <span class=\"--l --r hover:bg-blue-100 hover:dark:bg-blue-600\">v\u00fdpisem<\/span> <span class=\"--l --r hover:bg-blue-100 hover:dark:bg-blue-600\">z<\/span> <span class=\"--l --r hover:bg-blue-100 hover:dark:bg-blue-600\">\u00fa\u010dtu<\/span>, <span class=\"--l --r hover:bg-blue-100 hover:dark:bg-blue-600\">proto<\/span> <span class=\"--l --r hover:bg-blue-100 hover:dark:bg-blue-600\">by<\/span> <span class=\"--l --r hover:bg-blue-100 hover:dark:bg-blue-600\">striktn\u00ed<\/span> <span class=\"--l --r hover:bg-blue-100 hover:dark:bg-blue-600\">vylou\u010den\u00ed<\/span> <span class=\"--l --r hover:bg-blue-100 hover:dark:bg-blue-600\">mohlo<\/span> <span class=\"--l --r hover:bg-blue-100 hover:dark:bg-blue-600\">b\u00fdt<\/span> <span class=\"--l --r hover:bg-blue-100 hover:dark:bg-blue-600\">pova\u017eov\u00e1no<\/span> <span class=\"--l --r hover:bg-blue-100 hover:dark:bg-blue-600\">za<\/span> <span class=\"--l --r hover:bg-blue-100 hover:dark:bg-blue-600\">nep\u0159im\u011b\u0159en\u00e9<\/span> <span class=\"--l --r hover:bg-blue-100 hover:dark:bg-blue-600\">znev\u00fdhodn\u011bn\u00ed<\/span>.]<\/p>\n<p>c) <span class=\"--l --r hover:bg-blue-100 hover:dark:bg-blue-600\">Kolo<\/span> <span class=\"--l --r hover:bg-blue-100 hover:dark:bg-blue-600\">mus\u00ed<\/span> <span class=\"--l --r hover:bg-blue-100 hover:dark:bg-blue-600\">b\u00fdt<\/span> <span class=\"--l --r hover:bg-blue-100 hover:dark:bg-blue-600\">nejm\u00e9n\u011b<\/span> <span class=\"--l --r hover:bg-blue-100 hover:dark:bg-blue-600\">jednou<\/span> <span class=\"--l --r hover:bg-blue-100 hover:dark:bg-blue-600\">za<\/span> <span class=\"--l --r hover:bg-blue-100 hover:dark:bg-blue-600\">24<\/span> <span class=\"--l --r hover:bg-blue-100 hover:dark:bg-blue-600\">m\u011bs\u00edc\u016f<\/span> <span class=\"--l --r hover:bg-blue-100 hover:dark:bg-blue-600\">od<\/span> <span class=\"--l --r hover:bg-blue-100 hover:dark:bg-blue-600\">data<\/span> <span class=\"--l --r hover:bg-blue-100 hover:dark:bg-blue-600\">n\u00e1kupu<\/span> <span class=\"--l --r hover:bg-blue-100 hover:dark:bg-blue-600\">podrobeno<\/span> <span class=\"--l --r hover:bg-blue-100 hover:dark:bg-blue-600\">servisn\u00ed<\/span> <span class=\"--l --r hover:bg-blue-100 hover:dark:bg-blue-600\">\u00fadr\u017eb\u011b<\/span> <span class=\"--l --r hover:bg-blue-100 hover:dark:bg-blue-600\">v<\/span> <span class=\"--l --r hover:bg-blue-100 hover:dark:bg-blue-600\">kvalifikovan\u00e9m<\/span> <span class=\"--l --r hover:bg-blue-100 hover:dark:bg-blue-600\">odborn\u00e9m<\/span> <span class=\"--l --r hover:bg-blue-100 hover:dark:bg-blue-600\">servisu<\/span>. D\u016fkaz je t\u0159eba p\u0159edlo\u017eit v podob\u011b p\u0159\u00edslu\u0161n\u00fdch servisn\u00edch doklad\u016f.<\/p>\n<p><strong>8. V\u00fdjimky<\/strong><\/p>\n<p>Z\u00e1ruka se nevztahuje na:<\/p>\n<p>a) B\u011b\u017en\u00e9 zn\u00e1mky opot\u0159eben\u00ed a pou\u017e\u00edv\u00e1n\u00ed<\/p>\n<p>b) Opot\u0159ebiteln\u00e9 d\u00edly, zejm\u00e9na \u0159et\u011bzy, pneumatiky, r\u00e1fky, brzdov\u00e9 desti\u010dky, brzdov\u00e1 lanka, rukojeti, n\u00e1boje, hlavov\u00e9 slo\u017een\u00ed, st\u0159edov\u00e9 slo\u017een\u00ed, LED diody, dynama, akumul\u00e1tor, sv\u011btlomet, LED zadn\u00ed sv\u011btlo, ped\u00e1ly<\/p>\n<p>c) po\u0161kozen\u00ed v d\u016fsledku p\u00e1d\u016f nebo nehod<\/p>\n<p>d) po\u0161kozen\u00ed v d\u016fsledku nespr\u00e1vn\u00e9ho pou\u017e\u00edv\u00e1n\u00ed, nap\u0159\u00edklad p\u0159i freestylu, akrobatick\u00fdch kousc\u00edch nebo jin\u00e9m nadm\u011brn\u00e9m nam\u00e1h\u00e1n\u00ed<\/p>\n<p>e) po\u0161kozen\u00ed v d\u016fsledku nedostate\u010dn\u00e9 p\u00e9\u010de nebo \u00fadr\u017eby<\/p>\n<p>f) po\u0161kozen\u00ed vznikl\u00e9 v d\u016fsledku nespr\u00e1vn\u011b proveden\u00fdch oprav<\/p>\n<p>g) \u00fapravy p\u016fvodn\u00ed konstrukce a mont\u00e1\u017e d\u00edl\u016f, kter\u00e9 nejsou ur\u010deny pro dan\u00fd model<\/p>\n<p>h) j\u00edzdn\u00ed kola, u nich\u017e bylo \u010d\u00edslo r\u00e1mu zm\u011bn\u011bno, odstran\u011bno nebo zne\u010diteln\u011bno<\/p>\n<p>i) po\u0161kozen\u00ed laku<\/p>\n<p><strong>9. Uplatn\u011bn\u00ed z\u00e1ruky<\/strong><\/p>\n<p>Pro uplatn\u011bn\u00ed n\u00e1roku na z\u00e1ruku se pros\u00edm obra\u0165te na n\u00e1\u0161 z\u00e1kaznick\u00fd servis na v\u00fd\u0161e uveden\u00fdch kontaktn\u00edch \u00fadaj\u00edch. P\u0159ipravte si pros\u00edm n\u00e1sleduj\u00edc\u00ed dokumenty: origin\u00e1ln\u00ed doklad o koupi, servisn\u00ed doklady o proveden\u00e9 \u00fadr\u017eb\u011b a fotografie nebo videa, na kter\u00fdch je po\u0161kozen\u00ed dob\u0159e rozpoznateln\u00e9.<\/p>\n<p><strong>10. \u017d\u00e1dn\u00e9 prodlou\u017een\u00ed z\u00e1ru\u010dn\u00ed doby<\/strong><\/p>\n<p>Vyu\u017eit\u00ed z\u00e1ru\u010dn\u00edho pln\u011bn\u00ed nevede k prodlou\u017een\u00ed ani k nov\u00e9mu za\u010d\u00e1tku z\u00e1ru\u010dn\u00ed doby.<\/p>\n<p><strong>11. Z\u00e1konn\u00e9 z\u00e1ru\u010dn\u00ed pr\u00e1va<\/strong><\/p>\n<p>Tato z\u00e1ruka je dobrovoln\u00fdm pln\u011bn\u00edm v\u00fdrobce. <strong>Va\u0161e z\u00e1konn\u00e9 z\u00e1ru\u010dn\u00ed n\u00e1roky v\u016f\u010di p\u0159\u00edslu\u0161n\u00e9mu prodejci nejsou touto z\u00e1rukou nijak omezeny ani dot\u010deny. Tato pr\u00e1va existuj\u00ed nez\u00e1visle na z\u00e1ruce a lze je uplatnit bezplatn\u011b.<\/strong><\/p>\n<\/div><\/section>\n","protected":false},"excerpt":{"rendered":"","protected":false},"author":5,"featured_media":0,"parent":0,"menu_order":0,"comment_status":"closed","ping_status":"closed","template":"","meta":{"inline_featured_image":false,"footnotes":""},"class_list":["post-11285","page","type-page","status-publish","hentry"],"yoast_head":"<!-- This site is optimized with the Yoast SEO plugin v27.5 - https:\/\/yoast.com\/product\/yoast-seo-wordpress\/ -->\n<title>Crivit Bikes - Serviceseite - Z\u00e1ru\u010dn\u00ed podm\u00ednky pro elektrokola Crivit Urban X.3 a Y.3<\/title>\n<meta name=\"robots\" content=\"index, follow, max-snippet:-1, max-image-preview:large, max-video-preview:-1\" \/>\n<link rel=\"canonical\" href=\"https:\/\/crivit-bikes.com\/cs\/zaruka-x-3-y-3\/\" \/>\n<meta property=\"og:locale\" content=\"cs_CZ\" \/>\n<meta property=\"og:type\" content=\"article\" \/>\n<meta property=\"og:title\" content=\"Crivit Bikes - Serviceseite - Z\u00e1ru\u010dn\u00ed podm\u00ednky pro elektrokola Crivit Urban X.3 a Y.3\" \/>\n<meta property=\"og:url\" content=\"https:\/\/crivit-bikes.com\/cs\/zaruka-x-3-y-3\/\" \/>\n<meta property=\"og:site_name\" content=\"Crivit Bikes - Serviceseite\" \/>\n<meta property=\"article:modified_time\" content=\"2026-03-31T06:40:03+00:00\" \/>\n<meta property=\"og:image\" content=\"https:\/\/crivit-bikes.com\/wp-content\/uploads\/413889_EBikeMale_Seitanansicht.jpg\" \/>\n\t<meta property=\"og:image:width\" content=\"1980\" \/>\n\t<meta property=\"og:image:height\" content=\"1271\" \/>\n\t<meta property=\"og:image:type\" content=\"image\/jpeg\" \/>\n<meta name=\"twitter:card\" content=\"summary_large_image\" \/>\n<meta name=\"twitter:label1\" content=\"Odhadovan\u00e1 doba \u010dten\u00ed\" \/>\n\t<meta name=\"twitter:data1\" content=\"4 minuty\" \/>\n<script type=\"application\/ld+json\" class=\"yoast-schema-graph\">{\"@context\":\"https:\\\/\\\/schema.org\",\"@graph\":[{\"@type\":\"WebPage\",\"@id\":\"https:\\\/\\\/crivit-bikes.com\\\/cs\\\/zaruka-x-3-y-3\\\/\",\"url\":\"https:\\\/\\\/crivit-bikes.com\\\/cs\\\/zaruka-x-3-y-3\\\/\",\"name\":\"Crivit Bikes - Serviceseite - Z\u00e1ru\u010dn\u00ed podm\u00ednky pro elektrokola Crivit Urban X.3 a Y.3\",\"isPartOf\":{\"@id\":\"https:\\\/\\\/crivit-bikes.com\\\/#website\"},\"datePublished\":\"2026-03-24T10:18:59+00:00\",\"dateModified\":\"2026-03-31T06:40:03+00:00\",\"breadcrumb\":{\"@id\":\"https:\\\/\\\/crivit-bikes.com\\\/cs\\\/zaruka-x-3-y-3\\\/#breadcrumb\"},\"inLanguage\":\"cs\",\"potentialAction\":[{\"@type\":\"ReadAction\",\"target\":[\"https:\\\/\\\/crivit-bikes.com\\\/cs\\\/zaruka-x-3-y-3\\\/\"]}]},{\"@type\":\"BreadcrumbList\",\"@id\":\"https:\\\/\\\/crivit-bikes.com\\\/cs\\\/zaruka-x-3-y-3\\\/#breadcrumb\",\"itemListElement\":[{\"@type\":\"ListItem\",\"position\":1,\"name\":\"Home\",\"item\":\"https:\\\/\\\/crivit-bikes.com\\\/cs\\\/\"},{\"@type\":\"ListItem\",\"position\":2,\"name\":\"Z\u00e1ru\u010dn\u00ed podm\u00ednky pro elektrokola Crivit Urban X.3 a Y.3\"}]},{\"@type\":\"WebSite\",\"@id\":\"https:\\\/\\\/crivit-bikes.com\\\/#website\",\"url\":\"https:\\\/\\\/crivit-bikes.com\\\/\",\"name\":\"CRIVIT E-Bikes \u2013 Abenteuer auf zwei R\u00e4dern\",\"description\":\"Erlebe grenzenlose Freiheit: Ob Alltag, Einkauf oder Offroad-Tour \u2013 mit hochwertigen Komponenten und zeitlosem Design ziehst du alle Blicke auf dich. Viel Spa\u00df bei deiner ersten Fahrt!\",\"publisher\":{\"@id\":\"https:\\\/\\\/crivit-bikes.com\\\/#organization\"},\"potentialAction\":[{\"@type\":\"SearchAction\",\"target\":{\"@type\":\"EntryPoint\",\"urlTemplate\":\"https:\\\/\\\/crivit-bikes.com\\\/?s={search_term_string}\"},\"query-input\":{\"@type\":\"PropertyValueSpecification\",\"valueRequired\":true,\"valueName\":\"search_term_string\"}}],\"inLanguage\":\"cs\"},{\"@type\":\"Organization\",\"@id\":\"https:\\\/\\\/crivit-bikes.com\\\/#organization\",\"name\":\"CRIVIT E-Bikes \u2013 Abenteuer auf zwei R\u00e4dern\",\"url\":\"https:\\\/\\\/crivit-bikes.com\\\/\",\"logo\":{\"@type\":\"ImageObject\",\"inLanguage\":\"cs\",\"@id\":\"https:\\\/\\\/crivit-bikes.com\\\/#\\\/schema\\\/logo\\\/image\\\/\",\"url\":\"https:\\\/\\\/crivit-bikes.com\\\/wp-content\\\/uploads\\\/Crivit_Logo_300px_1C_RGB.png\",\"contentUrl\":\"https:\\\/\\\/crivit-bikes.com\\\/wp-content\\\/uploads\\\/Crivit_Logo_300px_1C_RGB.png\",\"width\":669,\"height\":669,\"caption\":\"CRIVIT E-Bikes \u2013 Abenteuer auf zwei R\u00e4dern\"},\"image\":{\"@id\":\"https:\\\/\\\/crivit-bikes.com\\\/#\\\/schema\\\/logo\\\/image\\\/\"}}]}<\/script>\n<!-- \/ Yoast SEO plugin. -->","yoast_head_json":{"title":"Crivit Bikes - Serviceseite - Z\u00e1ru\u010dn\u00ed podm\u00ednky pro elektrokola Crivit Urban X.3 a Y.3","robots":{"index":"index","follow":"follow","max-snippet":"max-snippet:-1","max-image-preview":"max-image-preview:large","max-video-preview":"max-video-preview:-1"},"canonical":"https:\/\/crivit-bikes.com\/cs\/zaruka-x-3-y-3\/","og_locale":"cs_CZ","og_type":"article","og_title":"Crivit Bikes - Serviceseite - Z\u00e1ru\u010dn\u00ed podm\u00ednky pro elektrokola Crivit Urban X.3 a Y.3","og_url":"https:\/\/crivit-bikes.com\/cs\/zaruka-x-3-y-3\/","og_site_name":"Crivit Bikes - Serviceseite","article_modified_time":"2026-03-31T06:40:03+00:00","og_image":[{"width":1980,"height":1271,"url":"https:\/\/crivit-bikes.com\/wp-content\/uploads\/413889_EBikeMale_Seitanansicht.jpg","type":"image\/jpeg"}],"twitter_card":"summary_large_image","twitter_misc":{"Odhadovan\u00e1 doba \u010dten\u00ed":"4 minuty"},"schema":{"@context":"https:\/\/schema.org","@graph":[{"@type":"WebPage","@id":"https:\/\/crivit-bikes.com\/cs\/zaruka-x-3-y-3\/","url":"https:\/\/crivit-bikes.com\/cs\/zaruka-x-3-y-3\/","name":"Crivit Bikes - Serviceseite - Z\u00e1ru\u010dn\u00ed podm\u00ednky pro elektrokola Crivit Urban X.3 a Y.3","isPartOf":{"@id":"https:\/\/crivit-bikes.com\/#website"},"datePublished":"2026-03-24T10:18:59+00:00","dateModified":"2026-03-31T06:40:03+00:00","breadcrumb":{"@id":"https:\/\/crivit-bikes.com\/cs\/zaruka-x-3-y-3\/#breadcrumb"},"inLanguage":"cs","potentialAction":[{"@type":"ReadAction","target":["https:\/\/crivit-bikes.com\/cs\/zaruka-x-3-y-3\/"]}]},{"@type":"BreadcrumbList","@id":"https:\/\/crivit-bikes.com\/cs\/zaruka-x-3-y-3\/#breadcrumb","itemListElement":[{"@type":"ListItem","position":1,"name":"Home","item":"https:\/\/crivit-bikes.com\/cs\/"},{"@type":"ListItem","position":2,"name":"Z\u00e1ru\u010dn\u00ed podm\u00ednky pro elektrokola Crivit Urban X.3 a Y.3"}]},{"@type":"WebSite","@id":"https:\/\/crivit-bikes.com\/#website","url":"https:\/\/crivit-bikes.com\/","name":"CRIVIT E-Bikes \u2013 Abenteuer auf zwei R\u00e4dern","description":"Erlebe grenzenlose Freiheit: Ob Alltag, Einkauf oder Offroad-Tour \u2013 mit hochwertigen Komponenten und zeitlosem Design ziehst du alle Blicke auf dich. Viel Spa\u00df bei deiner ersten Fahrt!","publisher":{"@id":"https:\/\/crivit-bikes.com\/#organization"},"potentialAction":[{"@type":"SearchAction","target":{"@type":"EntryPoint","urlTemplate":"https:\/\/crivit-bikes.com\/?s={search_term_string}"},"query-input":{"@type":"PropertyValueSpecification","valueRequired":true,"valueName":"search_term_string"}}],"inLanguage":"cs"},{"@type":"Organization","@id":"https:\/\/crivit-bikes.com\/#organization","name":"CRIVIT E-Bikes \u2013 Abenteuer auf zwei R\u00e4dern","url":"https:\/\/crivit-bikes.com\/","logo":{"@type":"ImageObject","inLanguage":"cs","@id":"https:\/\/crivit-bikes.com\/#\/schema\/logo\/image\/","url":"https:\/\/crivit-bikes.com\/wp-content\/uploads\/Crivit_Logo_300px_1C_RGB.png","contentUrl":"https:\/\/crivit-bikes.com\/wp-content\/uploads\/Crivit_Logo_300px_1C_RGB.png","width":669,"height":669,"caption":"CRIVIT E-Bikes \u2013 Abenteuer auf zwei R\u00e4dern"},"image":{"@id":"https:\/\/crivit-bikes.com\/#\/schema\/logo\/image\/"}}]}},"_links":{"self":[{"href":"https:\/\/crivit-bikes.com\/cs\/wp-json\/wp\/v2\/pages\/11285","targetHints":{"allow":["GET"]}}],"collection":[{"href":"https:\/\/crivit-bikes.com\/cs\/wp-json\/wp\/v2\/pages"}],"about":[{"href":"https:\/\/crivit-bikes.com\/cs\/wp-json\/wp\/v2\/types\/page"}],"author":[{"embeddable":true,"href":"https:\/\/crivit-bikes.com\/cs\/wp-json\/wp\/v2\/users\/5"}],"replies":[{"embeddable":true,"href":"https:\/\/crivit-bikes.com\/cs\/wp-json\/wp\/v2\/comments?post=11285"}],"version-history":[{"count":5,"href":"https:\/\/crivit-bikes.com\/cs\/wp-json\/wp\/v2\/pages\/11285\/revisions"}],"predecessor-version":[{"id":11320,"href":"https:\/\/crivit-bikes.com\/cs\/wp-json\/wp\/v2\/pages\/11285\/revisions\/11320"}],"wp:attachment":[{"href":"https:\/\/crivit-bikes.com\/cs\/wp-json\/wp\/v2\/media?parent=11285"}],"curies":[{"name":"wp","href":"https:\/\/api.w.org\/{rel}","templated":true}]}}