{"id":10601,"date":"2026-01-28T09:41:32","date_gmt":"2026-01-28T09:41:32","guid":{"rendered":"https:\/\/crivit-bikes.com\/?page_id=10601"},"modified":"2026-02-17T12:24:15","modified_gmt":"2026-02-17T12:24:15","slug":"externi-poznamka","status":"publish","type":"page","link":"https:\/\/crivit-bikes.com\/cs\/externi-poznamka\/","title":{"rendered":"Extern\u00ed pozn\u00e1mka"},"content":{"rendered":"<div id='av-layout-grid-1'  class='av-layout-grid-container av-eg7r9-b8634515e1aa3c2f5e9fa2c94f18977b entry-content-wrapper main_color av-fixed-cells  avia-builder-el-0  el_before_av_hr  avia-builder-el-first   container_wrap fullsize'  >\n\n<style type=\"text\/css\" data-created_by=\"avia_inline_auto\" id=\"style-css-av-a6359-7cc9523cee4ef5d1d1e856e69cca4762\">\n.flex_cell.av-a6359-7cc9523cee4ef5d1d1e856e69cca4762{\nvertical-align:top;\nheight:1px;\nmin-height:1px;\nbackground-color:#ff7828;\n}\n.responsive #top #wrap_all .flex_cell.av-a6359-7cc9523cee4ef5d1d1e856e69cca4762{\npadding:00px 00px 00px 00px !important;\n}\n<\/style>\n<div class='flex_cell av-a6359-7cc9523cee4ef5d1d1e856e69cca4762 av-gridrow-cell av_one_full no_margin  avia-builder-el-1  avia-builder-el-no-sibling  content-align-top'  ><div class='flex_cell_inner'><\/div><\/div>\n<\/div><div id='after_grid_row_1'  class='main_color av_default_container_wrap container_wrap fullsize'  ><div class='container av-section-cont-open' ><div class='template-page content  av-content-full alpha units'><div class='post-entry post-entry-type-page post-entry-10601'><div class='entry-content-wrapper clearfix'>\n\n<style type=\"text\/css\" data-created_by=\"avia_inline_auto\" id=\"style-css-av-mkv4vh2p-08a74af736ef632f2c486abe3cac4107\">\n#top .hr.hr-invisible.av-mkv4vh2p-08a74af736ef632f2c486abe3cac4107{\nheight:50px;\n}\n<\/style>\n<div  class='hr av-mkv4vh2p-08a74af736ef632f2c486abe3cac4107 hr-invisible  avia-builder-el-2  el_after_av_layout_row  el_before_av_section  avia-builder-el-no-sibling '><span class='hr-inner '><span class=\"hr-inner-style\"><\/span><\/span><\/div>\n<\/div><\/div><\/div><!-- close content main div --><\/div><\/div><div id='service'  class='avia-section av-4dmg85-47dbe24015457653646c377274e4fceb main_color avia-section-default avia-no-border-styling  avia-builder-el-3  el_after_av_hr  el_before_av_hr  avia-bg-style-scroll av-minimum-height av-minimum-height-50 av-height-50  container_wrap fullsize'   data-av_minimum_height_pc='50' data-av_min_height_opt='50'><div class='container av-section-cont-open' ><div class='template-page content  av-content-full alpha units'><div class='post-entry post-entry-type-page post-entry-10601'><div class='entry-content-wrapper clearfix'>\n<section  class='av_textblock_section av-47ed3h-ebcc8ceef338dfc888b997ccdcd01e5d '   itemscope=\"itemscope\" itemtype=\"https:\/\/schema.org\/CreativeWork\" ><div class='avia_textblock'  itemprop=\"text\" ><h2 style=\"text-align: center;\">EXTERN\u00cd POZN\u00c1MKA<\/h2>\n<\/div><\/section>\n<section  class='av_textblock_section av-3wb3n1-5a0498e943a135766408d36a6de61279 '   itemscope=\"itemscope\" itemtype=\"https:\/\/schema.org\/CreativeWork\" ><div class='avia_textblock'  itemprop=\"text\" ><p style=\"text-align: center;\">Opou\u0161t\u00edte na\u0161i webovou str\u00e1nku.<\/p>\n<p style=\"text-align: center;\">Za obsah a ochranu osobn\u00edch \u00fadaj\u016f na extern\u00ed webov\u00e9 str\u00e1nce odpov\u00edd\u00e1 v\u00fdhradn\u011b jej\u00ed provozovatel.<\/p>\n<\/div><\/section>\n\n<style type=\"text\/css\" data-created_by=\"avia_inline_auto\" id=\"style-css-av-40muw5-3bf149d963d16cd782143ee00da42cb9\">\n#top .hr.av-40muw5-3bf149d963d16cd782143ee00da42cb9{\nmargin-top:00px;\nmargin-bottom:30px;\n}\n.hr.av-40muw5-3bf149d963d16cd782143ee00da42cb9 .hr-inner{\nwidth:50px;\nborder-color:#ff7828;\n}\n<\/style>\n<div  class='hr av-40muw5-3bf149d963d16cd782143ee00da42cb9 hr-custom  avia-builder-el-6  el_after_av_textblock  el_before_av_button  hr-center hr-icon-no'><span class='hr-inner inner-border-av-border-fat'><span class=\"hr-inner-style\"><\/span><\/span><\/div>\n<div  class='avia-button-wrap av-25ektf-ff4d2b9c5d6f088f98f60a4768dfd230-wrap avia-button-center  avia-builder-el-7  el_after_av_hr  el_before_av_hr '><a href='https:\/\/lds-service.com\/cs\/'  class='avia-button av-25ektf-ff4d2b9c5d6f088f98f60a4768dfd230 av-link-btn avia-icon_select-no avia-size-small avia-position-center avia-color-theme-color'  target=\"_blank\"  rel=\"noopener noreferrer\"  aria-label=\"Pokra\u010dovat\"><span class='avia_iconbox_title' >Pokra\u010dovat<\/span><\/a><\/div>\n\n<style type=\"text\/css\" data-created_by=\"avia_inline_auto\" id=\"style-css-av-3q9q0t-eea60082be6460049bc4e01d2714c839\">\n#top .hr.hr-invisible.av-3q9q0t-eea60082be6460049bc4e01d2714c839{\nheight:20px;\n}\n<\/style>\n<div  class='hr av-3q9q0t-eea60082be6460049bc4e01d2714c839 hr-invisible  avia-builder-el-8  el_after_av_button  avia-builder-el-last '><span class='hr-inner '><span class=\"hr-inner-style\"><\/span><\/span><\/div>\n<\/div><\/div><\/div><!-- close content main div --><\/div><\/div><div id='after_section_1'  class='main_color av_default_container_wrap container_wrap fullsize'  ><div class='container av-section-cont-open' ><div class='template-page content  av-content-full alpha units'><div class='post-entry post-entry-type-page post-entry-10601'><div class='entry-content-wrapper clearfix'>\n<style type=\"text\/css\" data-created_by=\"avia_inline_auto\" id=\"style-css-av-mkv4u3ln-9664862e9c21b8905036d6177815e637\">\n#top .hr.hr-invisible.av-mkv4u3ln-9664862e9c21b8905036d6177815e637{\nheight:100px;\n}\n<\/style>\n<div  class='hr av-mkv4u3ln-9664862e9c21b8905036d6177815e637 hr-invisible  avia-builder-el-9  el_after_av_section  el_before_av_layout_row  avia-builder-el-no-sibling '><span class='hr-inner '><span class=\"hr-inner-style\"><\/span><\/span><\/div><\/p>\n<\/div><\/div><\/div><!-- close content main div --><\/div><\/div><div id='av-layout-grid-2'  class='av-layout-grid-container av-gczu5-d79c15c0bc5f93180069a37393c844a1 entry-content-wrapper main_color av-flex-cells  avia-builder-el-10  el_after_av_hr  avia-builder-el-last  grid-row-not-first av-small-hide av-mini-hide container_wrap fullsize'  >\n\n<style type=\"text\/css\" data-created_by=\"avia_inline_auto\" id=\"style-css-av-81185-1a32320c9e4a9bf85d49df7ee3b57b37\">\n.flex_cell.av-81185-1a32320c9e4a9bf85d49df7ee3b57b37{\nvertical-align:top;\nheight:1px;\nmin-height:1px;\nbackground-color:#ff7828;\n}\n.responsive #top #wrap_all .flex_cell.av-81185-1a32320c9e4a9bf85d49df7ee3b57b37{\npadding:00px 00px 00px 00px !important;\n}\n<\/style>\n<div class='flex_cell av-81185-1a32320c9e4a9bf85d49df7ee3b57b37 av-gridrow-cell av_one_full no_margin  avia-builder-el-11  avia-builder-el-no-sibling  content-align-top'  ><div class='flex_cell_inner'><\/div><\/div>\n<\/div>\n","protected":false},"excerpt":{"rendered":"","protected":false},"author":5,"featured_media":0,"parent":0,"menu_order":0,"comment_status":"closed","ping_status":"closed","template":"","meta":{"inline_featured_image":false,"footnotes":""},"class_list":["post-10601","page","type-page","status-publish","hentry"],"yoast_head":"<!-- This site is optimized with the Yoast SEO plugin v27.3 - https:\/\/yoast.com\/product\/yoast-seo-wordpress\/ -->\n<title>Crivit Bikes - Serviceseite - Extern\u00ed pozn\u00e1mka<\/title>\n<meta name=\"description\" content=\"Obecn\u00e9 informace \u2013 Jak v\u00e1m m\u016f\u017eeme pomoci?A\u0165 u\u017e m\u00e1te dotaz t\u00fdkaj\u00edc\u00ed se va\u0161eho kola nebo si chcete objednat n\u00e1hradn\u00ed d\u00edly, r\u00e1di v\u00e1m pom\u016f\u017eeme. Bezvadn\u00e9 produkty pro na\u0161e z\u00e1kazn\u00edky \u2013 to je na\u0161e nejd\u016fle\u017eit\u011bj\u0161\u00ed slu\u017eba. Proto vyr\u00e1b\u00edme v\u00fdrobky s velkou pe\u010dlivost\u00ed a pod neust\u00e1lou kontrolou. Pokud p\u0159esto dojde k dotaz\u016fm nebo dokonce reklamac\u00edm, na\u0161i servisn\u00ed pracovn\u00edci v\u00e1m rychle pomohou a poskytnou osobn\u00ed poradenstv\u00ed.\" \/>\n<meta name=\"robots\" content=\"index, follow, max-snippet:-1, max-image-preview:large, max-video-preview:-1\" \/>\n<link rel=\"canonical\" href=\"https:\/\/crivit-bikes.com\/cs\/externi-poznamka\/\" \/>\n<meta property=\"og:locale\" content=\"cs_CZ\" \/>\n<meta property=\"og:type\" content=\"article\" \/>\n<meta property=\"og:title\" content=\"Crivit Bikes - Serviceseite - Extern\u00ed pozn\u00e1mka\" \/>\n<meta property=\"og:description\" content=\"Obecn\u00e9 informace \u2013 Jak v\u00e1m m\u016f\u017eeme pomoci?A\u0165 u\u017e m\u00e1te dotaz t\u00fdkaj\u00edc\u00ed se va\u0161eho kola nebo si chcete objednat n\u00e1hradn\u00ed d\u00edly, r\u00e1di v\u00e1m pom\u016f\u017eeme. Bezvadn\u00e9 produkty pro na\u0161e z\u00e1kazn\u00edky \u2013 to je na\u0161e nejd\u016fle\u017eit\u011bj\u0161\u00ed slu\u017eba. Proto vyr\u00e1b\u00edme v\u00fdrobky s velkou pe\u010dlivost\u00ed a pod neust\u00e1lou kontrolou. Pokud p\u0159esto dojde k dotaz\u016fm nebo dokonce reklamac\u00edm, na\u0161i servisn\u00ed pracovn\u00edci v\u00e1m rychle pomohou a poskytnou osobn\u00ed poradenstv\u00ed.\" \/>\n<meta property=\"og:url\" content=\"https:\/\/crivit-bikes.com\/cs\/externi-poznamka\/\" \/>\n<meta property=\"og:site_name\" content=\"Crivit Bikes - Serviceseite\" \/>\n<meta property=\"article:modified_time\" content=\"2026-02-17T12:24:15+00:00\" \/>\n<meta property=\"og:image\" content=\"https:\/\/crivit-bikes.com\/wp-content\/uploads\/413889_EBikeMale_Seitanansicht.jpg\" \/>\n\t<meta property=\"og:image:width\" content=\"1980\" \/>\n\t<meta property=\"og:image:height\" content=\"1271\" \/>\n\t<meta property=\"og:image:type\" content=\"image\/jpeg\" \/>\n<meta name=\"twitter:card\" content=\"summary_large_image\" \/>\n<meta name=\"twitter:label1\" content=\"Odhadovan\u00e1 doba \u010dten\u00ed\" \/>\n\t<meta name=\"twitter:data1\" content=\"1 minuta\" \/>\n<script type=\"application\/ld+json\" class=\"yoast-schema-graph\">{\"@context\":\"https:\\\/\\\/schema.org\",\"@graph\":[{\"@type\":\"WebPage\",\"@id\":\"https:\\\/\\\/crivit-bikes.com\\\/cs\\\/externi-poznamka\\\/\",\"url\":\"https:\\\/\\\/crivit-bikes.com\\\/cs\\\/externi-poznamka\\\/\",\"name\":\"Crivit Bikes - Serviceseite - Extern\u00ed pozn\u00e1mka\",\"isPartOf\":{\"@id\":\"https:\\\/\\\/crivit-bikes.com\\\/#website\"},\"datePublished\":\"2026-01-28T09:41:32+00:00\",\"dateModified\":\"2026-02-17T12:24:15+00:00\",\"description\":\"Obecn\u00e9 informace \u2013 Jak v\u00e1m m\u016f\u017eeme pomoci?A\u0165 u\u017e m\u00e1te dotaz t\u00fdkaj\u00edc\u00ed se va\u0161eho kola nebo si chcete objednat n\u00e1hradn\u00ed d\u00edly, r\u00e1di v\u00e1m pom\u016f\u017eeme. Bezvadn\u00e9 produkty pro na\u0161e z\u00e1kazn\u00edky \u2013 to je na\u0161e nejd\u016fle\u017eit\u011bj\u0161\u00ed slu\u017eba. Proto vyr\u00e1b\u00edme v\u00fdrobky s velkou pe\u010dlivost\u00ed a pod neust\u00e1lou kontrolou. Pokud p\u0159esto dojde k dotaz\u016fm nebo dokonce reklamac\u00edm, na\u0161i servisn\u00ed pracovn\u00edci v\u00e1m rychle pomohou a poskytnou osobn\u00ed poradenstv\u00ed.\",\"breadcrumb\":{\"@id\":\"https:\\\/\\\/crivit-bikes.com\\\/cs\\\/externi-poznamka\\\/#breadcrumb\"},\"inLanguage\":\"cs\",\"potentialAction\":[{\"@type\":\"ReadAction\",\"target\":[\"https:\\\/\\\/crivit-bikes.com\\\/cs\\\/externi-poznamka\\\/\"]}]},{\"@type\":\"BreadcrumbList\",\"@id\":\"https:\\\/\\\/crivit-bikes.com\\\/cs\\\/externi-poznamka\\\/#breadcrumb\",\"itemListElement\":[{\"@type\":\"ListItem\",\"position\":1,\"name\":\"Home\",\"item\":\"https:\\\/\\\/crivit-bikes.com\\\/cs\\\/\"},{\"@type\":\"ListItem\",\"position\":2,\"name\":\"Extern\u00ed pozn\u00e1mka\"}]},{\"@type\":\"WebSite\",\"@id\":\"https:\\\/\\\/crivit-bikes.com\\\/#website\",\"url\":\"https:\\\/\\\/crivit-bikes.com\\\/\",\"name\":\"CRIVIT E-Bikes \u2013 Abenteuer auf zwei R\u00e4dern\",\"description\":\"Erlebe grenzenlose Freiheit: Ob Alltag, Einkauf oder Offroad-Tour \u2013 mit hochwertigen Komponenten und zeitlosem Design ziehst du alle Blicke auf dich. Viel Spa\u00df bei deiner ersten Fahrt!\",\"publisher\":{\"@id\":\"https:\\\/\\\/crivit-bikes.com\\\/#organization\"},\"potentialAction\":[{\"@type\":\"SearchAction\",\"target\":{\"@type\":\"EntryPoint\",\"urlTemplate\":\"https:\\\/\\\/crivit-bikes.com\\\/?s={search_term_string}\"},\"query-input\":{\"@type\":\"PropertyValueSpecification\",\"valueRequired\":true,\"valueName\":\"search_term_string\"}}],\"inLanguage\":\"cs\"},{\"@type\":\"Organization\",\"@id\":\"https:\\\/\\\/crivit-bikes.com\\\/#organization\",\"name\":\"CRIVIT E-Bikes \u2013 Abenteuer auf zwei R\u00e4dern\",\"url\":\"https:\\\/\\\/crivit-bikes.com\\\/\",\"logo\":{\"@type\":\"ImageObject\",\"inLanguage\":\"cs\",\"@id\":\"https:\\\/\\\/crivit-bikes.com\\\/#\\\/schema\\\/logo\\\/image\\\/\",\"url\":\"https:\\\/\\\/crivit-bikes.com\\\/wp-content\\\/uploads\\\/Crivit_Logo_300px_1C_RGB.png\",\"contentUrl\":\"https:\\\/\\\/crivit-bikes.com\\\/wp-content\\\/uploads\\\/Crivit_Logo_300px_1C_RGB.png\",\"width\":669,\"height\":669,\"caption\":\"CRIVIT E-Bikes \u2013 Abenteuer auf zwei R\u00e4dern\"},\"image\":{\"@id\":\"https:\\\/\\\/crivit-bikes.com\\\/#\\\/schema\\\/logo\\\/image\\\/\"}}]}<\/script>\n<!-- \/ Yoast SEO plugin. -->","yoast_head_json":{"title":"Crivit Bikes - Serviceseite - Extern\u00ed pozn\u00e1mka","description":"Obecn\u00e9 informace \u2013 Jak v\u00e1m m\u016f\u017eeme pomoci?A\u0165 u\u017e m\u00e1te dotaz t\u00fdkaj\u00edc\u00ed se va\u0161eho kola nebo si chcete objednat n\u00e1hradn\u00ed d\u00edly, r\u00e1di v\u00e1m pom\u016f\u017eeme. Bezvadn\u00e9 produkty pro na\u0161e z\u00e1kazn\u00edky \u2013 to je na\u0161e nejd\u016fle\u017eit\u011bj\u0161\u00ed slu\u017eba. Proto vyr\u00e1b\u00edme v\u00fdrobky s velkou pe\u010dlivost\u00ed a pod neust\u00e1lou kontrolou. Pokud p\u0159esto dojde k dotaz\u016fm nebo dokonce reklamac\u00edm, na\u0161i servisn\u00ed pracovn\u00edci v\u00e1m rychle pomohou a poskytnou osobn\u00ed poradenstv\u00ed.","robots":{"index":"index","follow":"follow","max-snippet":"max-snippet:-1","max-image-preview":"max-image-preview:large","max-video-preview":"max-video-preview:-1"},"canonical":"https:\/\/crivit-bikes.com\/cs\/externi-poznamka\/","og_locale":"cs_CZ","og_type":"article","og_title":"Crivit Bikes - Serviceseite - Extern\u00ed pozn\u00e1mka","og_description":"Obecn\u00e9 informace \u2013 Jak v\u00e1m m\u016f\u017eeme pomoci?A\u0165 u\u017e m\u00e1te dotaz t\u00fdkaj\u00edc\u00ed se va\u0161eho kola nebo si chcete objednat n\u00e1hradn\u00ed d\u00edly, r\u00e1di v\u00e1m pom\u016f\u017eeme. Bezvadn\u00e9 produkty pro na\u0161e z\u00e1kazn\u00edky \u2013 to je na\u0161e nejd\u016fle\u017eit\u011bj\u0161\u00ed slu\u017eba. Proto vyr\u00e1b\u00edme v\u00fdrobky s velkou pe\u010dlivost\u00ed a pod neust\u00e1lou kontrolou. Pokud p\u0159esto dojde k dotaz\u016fm nebo dokonce reklamac\u00edm, na\u0161i servisn\u00ed pracovn\u00edci v\u00e1m rychle pomohou a poskytnou osobn\u00ed poradenstv\u00ed.","og_url":"https:\/\/crivit-bikes.com\/cs\/externi-poznamka\/","og_site_name":"Crivit Bikes - Serviceseite","article_modified_time":"2026-02-17T12:24:15+00:00","og_image":[{"width":1980,"height":1271,"url":"https:\/\/crivit-bikes.com\/wp-content\/uploads\/413889_EBikeMale_Seitanansicht.jpg","type":"image\/jpeg"}],"twitter_card":"summary_large_image","twitter_misc":{"Odhadovan\u00e1 doba \u010dten\u00ed":"1 minuta"},"schema":{"@context":"https:\/\/schema.org","@graph":[{"@type":"WebPage","@id":"https:\/\/crivit-bikes.com\/cs\/externi-poznamka\/","url":"https:\/\/crivit-bikes.com\/cs\/externi-poznamka\/","name":"Crivit Bikes - Serviceseite - Extern\u00ed pozn\u00e1mka","isPartOf":{"@id":"https:\/\/crivit-bikes.com\/#website"},"datePublished":"2026-01-28T09:41:32+00:00","dateModified":"2026-02-17T12:24:15+00:00","description":"Obecn\u00e9 informace \u2013 Jak v\u00e1m m\u016f\u017eeme pomoci?A\u0165 u\u017e m\u00e1te dotaz t\u00fdkaj\u00edc\u00ed se va\u0161eho kola nebo si chcete objednat n\u00e1hradn\u00ed d\u00edly, r\u00e1di v\u00e1m pom\u016f\u017eeme. Bezvadn\u00e9 produkty pro na\u0161e z\u00e1kazn\u00edky \u2013 to je na\u0161e nejd\u016fle\u017eit\u011bj\u0161\u00ed slu\u017eba. Proto vyr\u00e1b\u00edme v\u00fdrobky s velkou pe\u010dlivost\u00ed a pod neust\u00e1lou kontrolou. Pokud p\u0159esto dojde k dotaz\u016fm nebo dokonce reklamac\u00edm, na\u0161i servisn\u00ed pracovn\u00edci v\u00e1m rychle pomohou a poskytnou osobn\u00ed poradenstv\u00ed.","breadcrumb":{"@id":"https:\/\/crivit-bikes.com\/cs\/externi-poznamka\/#breadcrumb"},"inLanguage":"cs","potentialAction":[{"@type":"ReadAction","target":["https:\/\/crivit-bikes.com\/cs\/externi-poznamka\/"]}]},{"@type":"BreadcrumbList","@id":"https:\/\/crivit-bikes.com\/cs\/externi-poznamka\/#breadcrumb","itemListElement":[{"@type":"ListItem","position":1,"name":"Home","item":"https:\/\/crivit-bikes.com\/cs\/"},{"@type":"ListItem","position":2,"name":"Extern\u00ed pozn\u00e1mka"}]},{"@type":"WebSite","@id":"https:\/\/crivit-bikes.com\/#website","url":"https:\/\/crivit-bikes.com\/","name":"CRIVIT E-Bikes \u2013 Abenteuer auf zwei R\u00e4dern","description":"Erlebe grenzenlose Freiheit: Ob Alltag, Einkauf oder Offroad-Tour \u2013 mit hochwertigen Komponenten und zeitlosem Design ziehst du alle Blicke auf dich. Viel Spa\u00df bei deiner ersten Fahrt!","publisher":{"@id":"https:\/\/crivit-bikes.com\/#organization"},"potentialAction":[{"@type":"SearchAction","target":{"@type":"EntryPoint","urlTemplate":"https:\/\/crivit-bikes.com\/?s={search_term_string}"},"query-input":{"@type":"PropertyValueSpecification","valueRequired":true,"valueName":"search_term_string"}}],"inLanguage":"cs"},{"@type":"Organization","@id":"https:\/\/crivit-bikes.com\/#organization","name":"CRIVIT E-Bikes \u2013 Abenteuer auf zwei R\u00e4dern","url":"https:\/\/crivit-bikes.com\/","logo":{"@type":"ImageObject","inLanguage":"cs","@id":"https:\/\/crivit-bikes.com\/#\/schema\/logo\/image\/","url":"https:\/\/crivit-bikes.com\/wp-content\/uploads\/Crivit_Logo_300px_1C_RGB.png","contentUrl":"https:\/\/crivit-bikes.com\/wp-content\/uploads\/Crivit_Logo_300px_1C_RGB.png","width":669,"height":669,"caption":"CRIVIT E-Bikes \u2013 Abenteuer auf zwei R\u00e4dern"},"image":{"@id":"https:\/\/crivit-bikes.com\/#\/schema\/logo\/image\/"}}]}},"_links":{"self":[{"href":"https:\/\/crivit-bikes.com\/cs\/wp-json\/wp\/v2\/pages\/10601","targetHints":{"allow":["GET"]}}],"collection":[{"href":"https:\/\/crivit-bikes.com\/cs\/wp-json\/wp\/v2\/pages"}],"about":[{"href":"https:\/\/crivit-bikes.com\/cs\/wp-json\/wp\/v2\/types\/page"}],"author":[{"embeddable":true,"href":"https:\/\/crivit-bikes.com\/cs\/wp-json\/wp\/v2\/users\/5"}],"replies":[{"embeddable":true,"href":"https:\/\/crivit-bikes.com\/cs\/wp-json\/wp\/v2\/comments?post=10601"}],"version-history":[{"count":5,"href":"https:\/\/crivit-bikes.com\/cs\/wp-json\/wp\/v2\/pages\/10601\/revisions"}],"predecessor-version":[{"id":11186,"href":"https:\/\/crivit-bikes.com\/cs\/wp-json\/wp\/v2\/pages\/10601\/revisions\/11186"}],"wp:attachment":[{"href":"https:\/\/crivit-bikes.com\/cs\/wp-json\/wp\/v2\/media?parent=10601"}],"curies":[{"name":"wp","href":"https:\/\/api.w.org\/{rel}","templated":true}]}}